{"id":983,"date":"2023-12-28T12:09:56","date_gmt":"2023-12-28T11:09:56","guid":{"rendered":"https:\/\/lacasadeluculo.com\/?page_id=983"},"modified":"2025-05-02T12:37:07","modified_gmt":"2025-05-02T10:37:07","slug":"capitulos-2024","status":"publish","type":"page","link":"https:\/\/lacasadeluculo.com\/?page_id=983","title":{"rendered":"Cap\u00edtulos 2024"},"content":{"rendered":"\n<p class=\"has-text-align-center\"><\/p>\n\n\n\n<pre class=\"wp-block-preformatted\"><\/pre>\n\n\n\n<p class=\"has-text-align-center has-accent-color has-text-color\">Enero 2024<\/p>\n\n\n\n<p><a href=\"https:\/\/lacasadeluculo.com\/wp-admin\/edit.php?post_type=page\"><\/a><\/p>\n\n\n\n<p class=\"has-background\" style=\"background-color:#fff7c6\"><strong>bodega :&nbsp;David Moreno<br>invitado :<\/strong>&nbsp;<br>vinos y <a href=\"https:\/\/lacasadeluculo.com\/uploads\/2024\/03\/CAP24_01.pdf\">men\u00fa<\/a><a href=\"https:\/\/lacasadeluculo.com\/uploads\/2023\/01\/CAP23_01.pdf\"> <\/a>    &#8212;              <a href=\"https:\/\/lacasadeluculo.com\/uploads\/2022\/01\/glosa_I_de_Miguel.pdf\" data-type=\"URL\" data-id=\"https:\/\/lacasadeluculo.com\/uploads\/2022\/01\/glosa_I_de_Miguel.pdf\"> <\/a><a href=\"https:\/\/lacasadeluculo.com\/uploads\/2024\/03\/GLOSA-DAVID-MORENO.pdf\" data-type=\"URL\">glosa<\/a><\/p>\n\n\n\n<p class=\"has-text-align-center has-accent-color has-text-color\">Febrero 2024<\/p>\n\n\n\n<p><a href=\"https:\/\/lacasadeluculo.com\/wp-admin\/edit.php?post_type=page\"><\/a><\/p>\n\n\n\n<p class=\"has-background\" style=\"background-color:#fff7c6\"><strong>bodega :&nbsp;Negon<\/strong><br><strong>invitado :<\/strong>&nbsp;Victor Negro<br><a href=\"https:\/\/lacasadeluculo.com\/uploads\/2024\/03\/CAP24_02.pdf\" data-type=\"URL\">vinos y men\u00fa<\/a><a href=\"https:\/\/lacasadeluculo.com\/uploads\/2023\/01\/CAP23_01.pdf\"> <\/a>    &#8212;              <a href=\"https:\/\/lacasadeluculo.com\/uploads\/2022\/01\/glosa_I_de_Miguel.pdf\" data-type=\"URL\" data-id=\"https:\/\/lacasadeluculo.com\/uploads\/2022\/01\/glosa_I_de_Miguel.pdf\"> <\/a><a href=\"https:\/\/lacasadeluculo.com\/uploads\/2024\/03\/glosa-2024-02-NEGON.pdf\" data-type=\"URL\">glosa<\/a><\/p>\n\n\n\n<p class=\"has-text-align-center has-accent-color has-text-color\">Marzo 2024<\/p>\n\n\n\n<p><a href=\"https:\/\/lacasadeluculo.com\/wp-admin\/edit.php?post_type=page\"><\/a><\/p>\n\n\n\n<p class=\"has-background\" style=\"background-color:#fff7c6\"><strong>bodega :&nbsp;<\/strong>Palacio de Villachica<br><strong>invitados :<\/strong>&nbsp;Maria Garc\u00eda y Rafael Garc\u00eda<br><a href=\"https:\/\/lacasadeluculo.com\/uploads\/2024\/03\/CAP24_03.pdf\" data-type=\"URL\">vinos y men\u00fa<\/a><a href=\"https:\/\/lacasadeluculo.com\/uploads\/2023\/01\/CAP23_01.pdf\"> <\/a>    &#8212;              <a href=\"https:\/\/lacasadeluculo.com\/uploads\/2022\/01\/glosa_I_de_Miguel.pdf\" data-type=\"URL\" data-id=\"https:\/\/lacasadeluculo.com\/uploads\/2022\/01\/glosa_I_de_Miguel.pdf\"> <\/a><a href=\"https:\/\/lacasadeluculo.com\/uploads\/2024\/03\/GLOSA-PALACIO-VILLACHICA.pdf\" data-type=\"URL\">glosa<\/a><\/p>\n\n\n\n<p class=\"has-text-align-center has-accent-color has-text-color\">Abril 2024<\/p>\n\n\n\n<p><a href=\"https:\/\/lacasadeluculo.com\/wp-admin\/edit.php?post_type=page\"><\/a><\/p>\n\n\n\n<p class=\"has-background\" style=\"background-color:#fff7c6\"><strong>bodega :&nbsp;<\/strong>Berta Valga\u00f1on  (DOC Rioja)<br> <strong>invitados :<\/strong>&nbsp;Berta Valga\u00f1on<br><a href=\"https:\/\/lacasadeluculo.com\/uploads\/2024\/05\/CAP24_04.pdf\" data-type=\"URL\">vinos y men\u00fa<\/a><a href=\"https:\/\/lacasadeluculo.com\/uploads\/2023\/01\/CAP23_01.pdf\"> <\/a>    &#8212;              <a href=\"https:\/\/lacasadeluculo.com\/uploads\/2022\/01\/glosa_I_de_Miguel.pdf\" data-type=\"URL\" data-id=\"https:\/\/lacasadeluculo.com\/uploads\/2022\/01\/glosa_I_de_Miguel.pdf\"> <\/a><a href=\"https:\/\/lacasadeluculo.com\/uploads\/2024\/04\/GLOSA-BERTA-VALGANON.pdf\" data-type=\"URL\">glosa<\/a><\/p>\n\n\n\n<p class=\"has-text-align-center has-accent-color has-text-color\">Mayo 2024<\/p>\n\n\n\n<p><a href=\"https:\/\/lacasadeluculo.com\/wp-admin\/edit.php?post_type=page\"><\/a><\/p>\n\n\n\n<p class=\"has-background\" style=\"background-color:#fff7c6\"><strong>bodega :&nbsp;<\/strong>Emilio Moro (DO Ribera del Duero)<br> <strong>invitados :<\/strong> Javier Moro<br><a href=\"https:\/\/lacasadeluculo.com\/uploads\/2024\/06\/CAP24_05.pdf\" data-type=\"URL\">vinos y men\u00fa<\/a><a href=\"https:\/\/lacasadeluculo.com\/uploads\/2023\/01\/CAP23_01.pdf\"> <\/a>    &#8212;              <a href=\"https:\/\/lacasadeluculo.com\/uploads\/2022\/01\/glosa_I_de_Miguel.pdf\" data-type=\"URL\" data-id=\"https:\/\/lacasadeluculo.com\/uploads\/2022\/01\/glosa_I_de_Miguel.pdf\"> <\/a><a href=\"https:\/\/lacasadeluculo.com\/uploads\/2024\/06\/glosa-2024-05-Moro.pdf\" data-type=\"URL\">glosa<\/a><\/p>\n\n\n\n<p class=\"has-text-align-center has-accent-color has-text-color\">Junio 2024<\/p>\n\n\n\n<p><a href=\"https:\/\/lacasadeluculo.com\/wp-admin\/edit.php?post_type=page\"><\/a><\/p>\n\n\n\n<p class=\"has-background\" style=\"background-color:#fff7c6\"><strong>bodega :&nbsp;<\/strong>Vi\u00f1a Ane (DOc Rioja) Ribera del Duero)<br> <strong>invitados :<\/strong> Eduardo Monge  y Lorena Garbati<br><a href=\"https:\/\/lacasadeluculo.com\/uploads\/2024\/06\/CAP24_06.pdf\" data-type=\"URL\">vinos y men\u00fa<\/a><a href=\"https:\/\/lacasadeluculo.com\/uploads\/2023\/01\/CAP23_01.pdf\"> <\/a>    &#8212;              <a href=\"https:\/\/lacasadeluculo.com\/uploads\/2022\/01\/glosa_I_de_Miguel.pdf\" data-type=\"URL\" data-id=\"https:\/\/lacasadeluculo.com\/uploads\/2022\/01\/glosa_I_de_Miguel.pdf\"> <\/a><a href=\"https:\/\/lacasadeluculo.com\/uploads\/2024\/06\/CAP24_06-VINA-ANE.pdf\" data-type=\"URL\">glosa<\/a><\/p>\n\n\n\n<p class=\"has-text-align-center has-accent-color has-text-color\">Julio 2024<\/p>\n\n\n\n<p><a href=\"https:\/\/lacasadeluculo.com\/wp-admin\/edit.php?post_type=page\"><\/a><\/p>\n\n\n\n<p class=\"has-background\" style=\"background-color:#fff7c6\"><strong>bodega :&nbsp;<\/strong>Almazcara Majara (DO Bierzo)<br> <strong>invitado :<\/strong> Javier Alvarez<br><a href=\"https:\/\/lacasadeluculo.com\/uploads\/2024\/08\/CAP24_07.pdf\" data-type=\"URL\">vinos y men\u00fa<\/a><a href=\"https:\/\/lacasadeluculo.com\/uploads\/2023\/01\/CAP23_01.pdf\"> <\/a>    &#8212;              <a href=\"https:\/\/lacasadeluculo.com\/uploads\/2022\/01\/glosa_I_de_Miguel.pdf\" data-type=\"URL\" data-id=\"https:\/\/lacasadeluculo.com\/uploads\/2022\/01\/glosa_I_de_Miguel.pdf\"> <\/a><a href=\"https:\/\/lacasadeluculo.com\/uploads\/2024\/08\/glosa-ALMAZCARA-MAJARA.pdf\" data-type=\"URL\">glosa<\/a><\/p>\n\n\n\n<p class=\"has-text-align-center has-accent-color has-text-color\">Septiembre 2024<\/p>\n\n\n\n<p><a href=\"https:\/\/lacasadeluculo.com\/wp-admin\/edit.php?post_type=page\"><\/a><\/p>\n\n\n\n<p class=\"has-background\" style=\"background-color:#fff7c6\"><strong>bodega :&nbsp;<\/strong>Grupo Juan Gil<br> <strong>invitado :<\/strong> Laura Herraez<br><a href=\"https:\/\/lacasadeluculo.com\/wp-content\/uploads\/2024\/09\/CAP24_09.pdf\" data-type=\"URL\">vinos y men\u00fa<\/a><a href=\"https:\/\/lacasadeluculo.com\/uploads\/2023\/01\/CAP23_01.pdf\"> <\/a> &#8212; <a href=\"https:\/\/lacasadeluculo.com\/uploads\/2022\/01\/glosa_I_de_Miguel.pdf\" data-type=\"URL\" data-id=\"https:\/\/lacasadeluculo.com\/uploads\/2022\/01\/glosa_I_de_Miguel.pdf\"> <\/a><\/p>\n\n\n\n<p class=\"has-text-align-center has-accent-color has-text-color\">Noviembre 2024<\/p>\n\n\n\n<p><a href=\"https:\/\/lacasadeluculo.com\/wp-admin\/edit.php?post_type=page\"><\/a><\/p>\n\n\n\n<p class=\"has-background\" style=\"background-color:#fff7c6\"><strong>bodega :\u00a0<\/strong>Dinastia Vivenco (DOC Rioja)<br> <strong>invitado :<\/strong><br><a href=\"https:\/\/lacasadeluculo.com\/wp-content\/uploads\/2025\/05\/CAP24_11-1.pdf\" data-type=\"URL\">vinos y men\u00fa<\/a><a href=\"https:\/\/lacasadeluculo.com\/uploads\/2023\/01\/CAP23_01.pdf\"> <\/a> &#8212; <a href=\"https:\/\/lacasadeluculo.com\/uploads\/2022\/01\/glosa_I_de_Miguel.pdf\" data-type=\"URL\" data-id=\"https:\/\/lacasadeluculo.com\/uploads\/2022\/01\/glosa_I_de_Miguel.pdf\"> <\/a><\/p>\n\n\n\n<p class=\"has-text-align-center has-accent-color has-text-color\">Diciembre 2024<\/p>\n\n\n\n<p><a href=\"https:\/\/lacasadeluculo.com\/wp-admin\/edit.php?post_type=page\"><\/a><\/p>\n\n\n\n<p class=\"has-background\" style=\"background-color:#fff7c6\"><strong>bodega :\u00a0<\/strong>Bodegas Lorenzo Cachazo (DO Rueda)<br> <strong>invitado :<\/strong> Angela Lorenzo<br><a href=\"https:\/\/lacasadeluculo.com\/wp-content\/uploads\/2025\/05\/CAP24_12.pdf\" data-type=\"URL\">vinos y men\u00fa<\/a><a href=\"https:\/\/lacasadeluculo.com\/uploads\/2023\/01\/CAP23_01.pdf\"> <\/a> &#8212; <a href=\"https:\/\/lacasadeluculo.com\/uploads\/2022\/01\/glosa_I_de_Miguel.pdf\" data-type=\"URL\" data-id=\"https:\/\/lacasadeluculo.com\/uploads\/2022\/01\/glosa_I_de_Miguel.pdf\"> <\/a><\/p>\n","protected":false},"excerpt":{"rendered":"<p>Enero 2024 bodega :&nbsp;David Morenoinvitado :&nbsp;vinos y men\u00fa &#8212; glosa Febrero 2024 bodega :&nbsp;Negoninvitado :&nbsp;Victor Negrovinos y men\u00fa &#8212; glosa Marzo 2024 bodega :&nbsp;Palacio de Villachicainvitados :&nbsp;Maria Garc\u00eda y Rafael Garc\u00edavinos y men\u00fa &#8212; glosa Abril 2024 bodega :&nbsp;Berta Valga\u00f1on (DOC Rioja) invitados :&nbsp;Berta Valga\u00f1onvinos y men\u00fa &#8212; glosa Mayo 2024 bodega :&nbsp;Emilio Moro (DO [&hellip;]<\/p>\n","protected":false},"author":1,"featured_media":0,"parent":0,"menu_order":0,"comment_status":"closed","ping_status":"closed","template":"","meta":{"footnotes":""},"class_list":["post-983","page","type-page","status-publish","hentry"],"_links":{"self":[{"href":"https:\/\/lacasadeluculo.com\/index.php?rest_route=\/wp\/v2\/pages\/983","targetHints":{"allow":["GET"]}}],"collection":[{"href":"https:\/\/lacasadeluculo.com\/index.php?rest_route=\/wp\/v2\/pages"}],"about":[{"href":"https:\/\/lacasadeluculo.com\/index.php?rest_route=\/wp\/v2\/types\/page"}],"author":[{"embeddable":true,"href":"https:\/\/lacasadeluculo.com\/index.php?rest_route=\/wp\/v2\/users\/1"}],"replies":[{"embeddable":true,"href":"https:\/\/lacasadeluculo.com\/index.php?rest_route=%2Fwp%2Fv2%2Fcomments&post=983"}],"version-history":[{"count":48,"href":"https:\/\/lacasadeluculo.com\/index.php?rest_route=\/wp\/v2\/pages\/983\/revisions"}],"predecessor-version":[{"id":1142,"href":"https:\/\/lacasadeluculo.com\/index.php?rest_route=\/wp\/v2\/pages\/983\/revisions\/1142"}],"wp:attachment":[{"href":"https:\/\/lacasadeluculo.com\/index.php?rest_route=%2Fwp%2Fv2%2Fmedia&parent=983"}],"curies":[{"name":"wp","href":"https:\/\/api.w.org\/{rel}","templated":true}]}}