{"id":927,"date":"2023-08-26T11:42:58","date_gmt":"2023-08-26T09:42:58","guid":{"rendered":"https:\/\/lacasadeluculo.com\/?page_id=927"},"modified":"2023-08-26T11:46:15","modified_gmt":"2023-08-26T09:46:15","slug":"capitulos-94-95","status":"publish","type":"page","link":"https:\/\/lacasadeluculo.com\/?page_id=927","title":{"rendered":"Cap\u00edtulos94-95"},"content":{"rendered":"\n<p><strong>P\u00e1gina 1&nbsp; 1994-1995<\/strong><\/p>\n\n\n\n<p>Extraido de sus archivos por Jes\u00fas Torquemada<\/p>\n\n\n\n<p><strong>Febero 1994<\/strong>&nbsp;<br>Lugar: Restaurante de Juan Mari Humada en la Parte Vieja<br>Chef: Juan Mari Humada<br>Vinos:<\/p>\n\n\n\n<figure class=\"wp-block-table is-style-regular\"><table><tbody><tr><td>Blanco Sanz&nbsp; de Rueda (Verdejo)<\/td><\/tr><tr><td>Blanco Sanz&nbsp; de Rueda (Sauvignon)<\/td><\/tr><tr><td>Tinto Cincel 88<\/td><\/tr><tr><td>Cincel 87Bodegas Virgen del Valle&nbsp;(Samaniego-Rioja Alavesa)<\/td><\/tr><\/tbody><\/table><\/figure>\n\n\n\n<p>&nbsp;&nbsp;<strong>Marzo 94<br><\/strong>Lugar: Restaurante de Juan Mari Humada en la Parte Vieja<br>Chef: Juan Mari Humada<br>Vinos:<\/p>\n\n\n\n<figure class=\"wp-block-table is-style-regular\"><table><tbody><tr><td>Mart\u00edn C\u00f3dax (Albari\u00f1o)<\/td><\/tr><tr><td>Faustino V Reserva 87<\/td><\/tr><tr><td>Pesquera 90<\/td><\/tr><tr><td>Contino 87<\/td><\/tr><\/tbody><\/table><\/figure>\n\n\n\n<p>&nbsp;&nbsp;&nbsp;<strong>Abril 94<br><\/strong>Lugar: Restaurante de Juan Mari Humada en la Parte Vieja<br>Chef: Juan Mari Humada<br>Bodega: Torres. No estuvo la bodega como tal, los vinos estaban cedidos por su distribuidor en Gipuzkoa, Andr\u00e9s<br>Vinos:<\/p>\n\n\n\n<figure class=\"wp-block-table is-style-regular\"><table><tbody><tr><td>Vi\u00f1a Sol<\/td><\/tr><tr><td>Gran Coronas<\/td><\/tr><\/tbody><\/table><\/figure>\n\n\n\n<p>&nbsp;&nbsp;&nbsp;<strong>Mayo 94<br><\/strong>Lugar: Restaurante de Juan Mari Humada en la Parte Vieja<br>Chef: Juan Mari Humada<br>Bodega: Enate<br>Invitados Jes\u00fas Artajona (en\u00f3logo) y Antonio Mill\u00f3n (director de ventas)<br>Vinos:<\/p>\n\n\n\n<figure class=\"wp-block-table is-style-regular\"><table><tbody><tr><td>Chardonnay<\/td><\/tr><tr><td>Rosado de cabernet<\/td><\/tr><tr><td>Tinto crianza 92 (a\u00fan sin etiqueta)<\/td><\/tr><\/tbody><\/table><\/figure>\n\n\n\n<p>&nbsp;&nbsp;&nbsp;<strong>Junio 94<br><\/strong>Lugar:&nbsp;<br>Chef: Juan Mari Humada<br>Bodega: Torres<br>Vinos cedidos por el distribuidor en Guipuzcoa Andr\u00e9s:<\/p>\n\n\n\n<figure class=\"wp-block-table is-style-regular\"><table><tbody><tr><td>Gran Vi\u00f1a Sol Chardonnay 93<\/td><\/tr><tr><td>Rosado De Casta 93<\/td><\/tr><tr><td>Las Torres Merlot 92<\/td><\/tr><\/tbody><\/table><\/figure>\n\n\n\n<p>Menu:<br>Salm\u00f3n con trigueros<br>Hongos a la plancha<br>Txangurro al orno sin carapaz\u00f3n<br>Ensalada de pato<br>Revuelto de xixas<br>Solomillo con mostaza<br>Sopa de coco con orejones y sorbete de pi\u00f1a con melocot\u00f3n<\/p>\n\n\n\n<p>&nbsp;&nbsp;&nbsp;<strong>Julio 94<br><\/strong>Lugar:&nbsp;<br>Chef: Juan Mari Humada<br>Bodega: CVNE<br>Vinos:<\/p>\n\n\n\n<figure class=\"wp-block-table is-style-regular\"><table><tbody><tr><td>Monopole 90<\/td><\/tr><tr><td>Monopole 92<\/td><\/tr><tr><td>Imperial 87<\/td><\/tr><tr><td>Vi\u00f1a Real 87<\/td><\/tr><tr><td>Contino 89<\/td><\/tr><\/tbody><\/table><\/figure>\n\n\n\n<p>Menu:<br>Carpaccio de hongos<br>Espuma de salmon, almejas y esparragos verdes<br>Ensalada de pich\u00f3n a la vinagreta de M\u00f3dena<br>Kokotxas<br>Verduras al curry con hebras de pato<br>Mousse de frutas ex\u00f3ticas con gelatina de naranja<br>Quesos.<\/p>\n\n\n\n<p>&nbsp;&nbsp;&nbsp;<strong>Octubre 94 \u00abGrande Bouffe\u00bb<br><\/strong>Lugar:&nbsp;<br>Chef: Juan Mari Humada<br>Bodega:ninguna vinos comprados<br>Vinos:<\/p>\n\n\n\n<figure class=\"wp-block-table is-style-regular\"><table><tbody><tr><td>Champagne J. de Telmont (Damery)<\/td><\/tr><tr><td>Blanco Domaine Prieur-Brunet 88 (Meursault)<\/td><\/tr><tr><td>P\u00e8re Anselme (chateuneuf du Pape)<\/td><\/tr><tr><td>Fonseca&#8217;s Vintage Port 1970<\/td><\/tr><\/tbody><\/table><\/figure>\n\n\n\n<p>Menu:<br>Ostras y almejas<br>Ensalada de bogavante con un toque de estrag\u00f3<br>Cigalas y gambas a la plancha<br>Berberechos<br>Vieira gratinada con mozzarella<br>Bullabesa de mariscos con estrag\u00f3 y tomillo<br>Merluza con kokotxas<br>Tabla de quesos<br>Tarta de crema y almendras.<\/p>\n\n\n\n<p>&nbsp;&nbsp;&nbsp;<strong>Diciembre 94<br><\/strong>Lugar:&nbsp;<br>Chef: Juan Mari Humada<br>Bodega:Marques del Puerto (Fuenmayor, Rioja Alta)<br>Vinos:<\/p>\n\n\n\n<figure class=\"wp-block-table is-style-regular\"><table><tbody><tr><td>Marques del Puerto Reserva 87<\/td><\/tr><tr><td>Marques del Puerto Reserva 85<\/td><\/tr><tr><td>Roman Paladino<\/td><\/tr><tr><td>Fonseca&#8217;s Vintage Port 1970<\/td><\/tr><\/tbody><\/table><\/figure>\n\n\n\n<p>Menu:<br>Galantina de ave y foie<br>Paleta de cerdo ib\u00e9rico;<br>Alcachofas con crema de queso de Idiaz\u00e1bal y jamon de pato<br>Crepe de foie y hongos<br>Crema de cardo, caza y trufa<br>Dorada con patatitas y tomate<br>Charlota de pato,berenjena y setas<br>Biscuit de turr\u00f3n.<\/p>\n\n\n\n<p>&nbsp;&nbsp;&nbsp;<strong>Enero 95<br><\/strong>Lugar:Tenis;<br>Chef: Juan Mari Humada<br>Bodega:ninguna, el cofrade Fontanillo aport\u00f3 los vinos de Pitillas y el cofrade italiano, Ernesto el Brunello.<br>Vinos:<\/p>\n\n\n\n<figure class=\"wp-block-table is-style-regular\"><table><tbody><tr><td>Nuestra se\u00f1ora de Ujue rosado 93 (cooperativa de Pitillas)<\/td><\/tr><tr><td>Nuestra se\u00f1ora de Ujue tinto 93<\/td><\/tr><tr><td>Tyrrell&#8217;s 88 Chardonnay (hunter Valley ,Australia)<\/td><\/tr><tr><td>P\u00e8re Anselme (Chateuneuf du Pape)<\/td><\/tr><tr><td>Vi\u00f1a Albina 87 (Bodegas Riojanas)<\/td><\/tr><tr><td>Barbi 83 (Brunello di Montalcino,Toscana,Italia)<\/td><\/tr><\/tbody><\/table><\/figure>\n\n\n\n<p>Menu:<br>Alcachofas;<br>Fritos<br>Sopa cremosa de ajo y bacalao con pur\u00e9 de patata fr\u00edo y pieles de bacalao fritas<br>Merluza sobre compota de frutas del bosque<br>Solomillo en salsa Perigord (trufas y setas)<br>Manzana asada al ralenti (4 horas) con sorbete de manzana asada y trufa de licor.<\/p>\n\n\n\n<p>&nbsp;&nbsp;&nbsp;&nbsp;<strong>Febrero 95 (7-2-95)<br><\/strong>Lugar:Tenis;<br>Chef: Juan Mari Humada<br>Bodega:Bodegas de Crianza de Castilla la Vieja (Rueda).<br>Vinos:<\/p>\n\n\n\n<figure class=\"wp-block-table is-style-regular\"><table><tbody><tr><td>Bornos Sauvignon Blanc 94<\/td><\/tr><tr><td>Palacio de Bornos 93 (Verdejo)<\/td><\/tr><tr><td>Almirantazgo de Castilla 89 (Tempranillo)<\/td><\/tr><tr><td>Vino espumoso Palacio de Bornos<\/td><\/tr><\/tbody><\/table><\/figure>\n\n\n\n<p>Menu:<br>Angulas<br>Tagliatelle con morros y langostinos<br>Coles de Bruselas con tocineta<br>Risotto marinera con hongos<br>Bacalao con piperrada<br>Pintada rellena de verduras, con pur\u00e9 de manzana y de patata y apio<br>Helados, flanes y trufas<\/p>\n\n\n\n<p>&nbsp;&nbsp;&nbsp;&nbsp;<strong>Marzo 95 (7-3-95)<br><\/strong>Lugar:Tenis;<br>Chef: Juan Mari Humada<br>Bodega:No. Vinos comprados.<br>Vinos:<\/p>\n\n\n\n<figure class=\"wp-block-table is-style-regular\"><table><tbody><tr><td>Talai Berri (Getariako Txakolina)<\/td><\/tr><tr><td>Dehesa de los Can\u00f3nigos Crianza 92 (Ribera del Duero)<\/td><\/tr><tr><td>Bar\u00f3n de Chirel (Marqu\u00e9s de Riscal, Elciego)<\/td><\/tr><\/tbody><\/table><\/figure>\n\n\n\n<p>Menu:<br>Salmonete con brocheta de ri\u00f1\u00f3n y tocineta y hojaldre de txangurro<br>Codorniz escabechada con chalota<br>Pimientos verdes rellenos de chipir\u00f3n en su tinta<br>Moussaka<br>Pastel de berza y morcilla sobre pur\u00e9 de alubias<br>Costilla de cordero con ajonjol\u00ed<br>Fresas con nata y helado de pl\u00e1tano<\/p>\n\n\n\n<p>&nbsp;&nbsp;&nbsp;&nbsp;<strong>Abril 95 (4-4-95)<br><\/strong>Lugar:Tenis;<br>Chef: Juan Mari Humada<br>Bodega:No. Vinos comprados.<br>Vinos:<\/p>\n\n\n\n<figure class=\"wp-block-table is-style-regular\"><table><tbody><tr><td>Txomin Etxaniz (Getariako Txakolina)<\/td><\/tr><tr><td>Vi\u00f1a Mayor Crianza 89 (Ribera del Duero)<\/td><\/tr><tr><td>Cune Reserva 85<\/td><\/tr><\/tbody><\/table><\/figure>\n\n\n\n<p>Menu:<br>Kokotxas de bacalao<br>Codorniz escabechada con chalota<br>Besugo<br>Costilla<br>Gelatina de fresa y menta con teja de naranja y crema de frambuesa<\/p>\n\n\n\n<p>&nbsp;&nbsp;&nbsp;&nbsp;<strong>Junio 95 (6-6-95)<br><\/strong>Lugar:Tenis;<br>Chef: Juan Mari Humada<br>Bodega:Juv\u00e9 y Camps<br>Invitado: Sr. Juv\u00e9, propietario.<br>Vinos:<\/p>\n\n\n\n<figure class=\"wp-block-table is-style-regular\"><table><tbody><tr><td>Reserva de la Familia Brut Natural<\/td><\/tr><tr><td>Miranda d\u2019Espiells Chardonnay Flor 1993<\/td><\/tr><tr><td>Blanco Ermita d\u2019Espiells 93<\/td><\/tr><tr><td>Gran Juv\u00e9 y Camps Brut<\/td><\/tr><tr><td>Cabernet Sauvignon 91 (primicia, sin etiquetar)<\/td><\/tr><\/tbody><\/table><\/figure>\n\n\n\n<p>Menu:<br>Verbena de ahumados de Tordera con gelatina de ahumados al perejil<br>Espuma de hongos con langostinos escabechados<br>Krabarroka sobre lecho de primavera boreal (xixas, habas y guisantitos)<br>Jacobito de ib\u00e9rico y foie con pur\u00e9 de cebolla<br>Biscuit sorpresa de chocolate con sorbete de cereza<\/p>\n\n\n\n<p>&nbsp;&nbsp;&nbsp;&nbsp;<strong>Julio 95 (4-7-95)<br><\/strong>Lugar:Tenis;<br>Chef: Juan Mari Humada<br>Bodega:Virgen Blanca (Cooperativa de Ler\u00edn)<br>Vinos:<\/p>\n\n\n\n<figure class=\"wp-block-table is-style-regular\"><table><tbody><tr><td>Vi\u00f1a Sardasol blanco 94<\/td><\/tr><tr><td>Vi\u00f1a Sardasol rosado joven<\/td><\/tr><tr><td>Cabernet Sauvignon Crianza 91<\/td><\/tr><tr><td>Vi\u00f1a Sardasol tinto Crianza 90<\/td><\/tr><\/tbody><\/table><\/figure>\n\n\n\n<p>&nbsp;&nbsp;&nbsp;&nbsp;<strong>Octubre 95 (3-10-95)<br><\/strong>Lugar:Tenis;<br>Chef: Juan Mari Humada<br>Bodega:NO Vinos comprados<br>Vinos:<\/p>\n\n\n\n<figure class=\"wp-block-table is-style-regular\"><table><tbody><tr><td>Albari\u00f1o Fillaboa<\/td><\/tr><tr><td>Jean Leon 1992 Chardonnay<\/td><\/tr><tr><td>Jean Leon 1988 Cabernet Sauvignon<\/td><\/tr><tr><td>Brunello di Montalcino 1989 (obsequio del cofrade italiano Ernesto)<\/td><\/tr><tr><td>Champagne Mo\u00ebt Chandon<\/td><\/tr><tr><td>Imperial Brandy Miguel Torres Hors d\u2019Age<\/td><\/tr><\/tbody><\/table><\/figure>\n\n\n\n<p>Menu:<br>Gambas cocidas<br>Almejas crudas al lim\u00f3n<br>Ostras<br>Brocheta de rape y langostinos<br>Bogavante al horno<br>Solomillo al foie<br>Selecci\u00f3n de reposter\u00eda<\/p>\n\n\n\n<p>&nbsp;&nbsp;&nbsp;&nbsp;<strong>DICIEMBRE 95 (19-12-95)<br><\/strong>Lugar:Tenis;<br>Chef: Juan Mari Humada<br>Bodega:Marqu\u00e9s de Gri\u00f1\u00f3n y Berberana.<br>Vinos:<\/p>\n\n\n\n<figure class=\"wp-block-table is-style-regular\"><table><tbody><tr><td>Cava Roger Goulart Gran Reserva<\/td><\/tr><tr><td>Rodas Selecci\u00f3n Especial 92 (blanco de Rueda de Gri\u00f1\u00f3n)<\/td><\/tr><tr><td>Berberana Tempranillo 91<\/td><\/tr><tr><td>Marqu\u00e9s de Gri\u00f1\u00f3n 92 Tempranillo<\/td><\/tr><tr><td>Berberana Reserva 88<\/td><\/tr><tr><td>Marqu\u00e9s de Gri\u00f1\u00f3n Reserva 89 Colecci\u00f3n Personal<\/td><\/tr><tr><td>Dominio de Valdepusa 90<\/td><\/tr><\/tbody><\/table><\/figure>\n\n\n\n<p>Menu:<br>Terrina de chicharro marinado y tomate asado<br>Ensalada de garbanzos<br>Sopa de pescado<br>Salmonetes con verduras<br>Cordero con patatas panadera<br>Lomo de ciervo con pur\u00e9 de casta\u00f1as y moras<br>Terrina de marron glac\u00e9 con sorbete de pi\u00f1a al amareto<\/p>\n","protected":false},"excerpt":{"rendered":"<p>P\u00e1gina 1&nbsp; 1994-1995 Extraido de sus archivos por Jes\u00fas Torquemada Febero 1994&nbsp;Lugar: Restaurante de Juan Mari Humada en la Parte ViejaChef: Juan Mari HumadaVinos: Blanco Sanz&nbsp; de Rueda (Verdejo) Blanco Sanz&nbsp; de Rueda (Sauvignon) Tinto Cincel 88 Cincel 87Bodegas Virgen del Valle&nbsp;(Samaniego-Rioja Alavesa) &nbsp;&nbsp;Marzo 94Lugar: Restaurante de Juan Mari Humada en la Parte ViejaChef: Juan [&hellip;]<\/p>\n","protected":false},"author":1,"featured_media":0,"parent":0,"menu_order":0,"comment_status":"closed","ping_status":"closed","template":"","meta":{"footnotes":""},"class_list":["post-927","page","type-page","status-publish","hentry"],"_links":{"self":[{"href":"https:\/\/lacasadeluculo.com\/index.php?rest_route=\/wp\/v2\/pages\/927","targetHints":{"allow":["GET"]}}],"collection":[{"href":"https:\/\/lacasadeluculo.com\/index.php?rest_route=\/wp\/v2\/pages"}],"about":[{"href":"https:\/\/lacasadeluculo.com\/index.php?rest_route=\/wp\/v2\/types\/page"}],"author":[{"embeddable":true,"href":"https:\/\/lacasadeluculo.com\/index.php?rest_route=\/wp\/v2\/users\/1"}],"replies":[{"embeddable":true,"href":"https:\/\/lacasadeluculo.com\/index.php?rest_route=%2Fwp%2Fv2%2Fcomments&post=927"}],"version-history":[{"count":2,"href":"https:\/\/lacasadeluculo.com\/index.php?rest_route=\/wp\/v2\/pages\/927\/revisions"}],"predecessor-version":[{"id":931,"href":"https:\/\/lacasadeluculo.com\/index.php?rest_route=\/wp\/v2\/pages\/927\/revisions\/931"}],"wp:attachment":[{"href":"https:\/\/lacasadeluculo.com\/index.php?rest_route=%2Fwp%2Fv2%2Fmedia&parent=927"}],"curies":[{"name":"wp","href":"https:\/\/api.w.org\/{rel}","templated":true}]}}