{"id":919,"date":"2023-08-26T10:57:49","date_gmt":"2023-08-26T08:57:49","guid":{"rendered":"https:\/\/lacasadeluculo.com\/?page_id=919"},"modified":"2023-08-26T11:12:06","modified_gmt":"2023-08-26T09:12:06","slug":"capitulos-96-97","status":"publish","type":"page","link":"https:\/\/lacasadeluculo.com\/?page_id=919","title":{"rendered":"Capitulos 96-97"},"content":{"rendered":"\n<p>ENERO 96 (9-1-96)&nbsp;<\/p>\n\n\n\n<p><br>Lugar: Tenis<br>Chef: Juan Mari Humada<br>Bodega :No. Vinos comprados<br>Vinos :<\/p>\n\n\n\n<p>Pazo Ribeiro 95<br>Vi\u00f1as del Vero Chardonnay 94<br>Raimat Cabernet Sauvignon<br>Emilio Moro Reserva 91<\/p>\n\n\n\n<p>Menu:<br>Canap\u00e9s variados<br>Salpic\u00f3n de oreja, queso de cabra y encurtidos<br>Ensalada templada de mollejas de pato<br>Setas de monje con langostinos<br>Pastel de carne con salsa de Oporto<br>Bacalao al pil-pil<br>Poularda rellena<br>Milhojas de trufa con helado de chocolate y pasas al brandy<\/p>\n\n\n\n<p><strong><u>MARZO 96 (5-3-96<\/u><\/strong>)<br>Lugar: Tenis<br>Chef: Juan Mari Humada<br>Bodega :No. Los vinos los aportaron varios cofrades y se hizo una cata ciega.<br>Vinos :<br>Haut Poitou Sauvignon<br>Alella Leg\u00edtimo 94<br>Marqu\u00e9s de Murrieta Ygay Reserva Especial 90<br>Mart\u00ednez Bujanda Reserva 87<br>Cerro A\u00f1\u00f3n Reserva 88<br>Dur\u00f3n Reserva 89<br>Di Cenardo (D.O. Grave del Friuli)<br>La Gr\u00e2ce Dieu Saint Emilion Grand Cru 86<br>Muruve<br><br><\/p>\n\n\n\n<p>Men\u00fa :<br>Mousse de txangurro<br>Cigalitas fritas<br>Kokotxas de bacalao ligadas<br>Nuestras patatas con almejas (versi\u00f3n moderna)<br>Chicharro al tomate caramelizado<br>Canel\u00f3n de carrillera de ternera<br>Capuchino de caf\u00e9 con ganache de chocolate blanco y lim\u00f3n, adornado con carambola y lichi natural<\/p>\n\n\n\n<p><strong><u>ABRIL 96<\/u><\/strong><br>Lugar: Tenis<br>Chefs invitados: David de Jorge y Andoni Luis Aduriz<br>Bodega :Arzuaga-Navarro<br>Vinos.<br>Vi\u00f1a Godeval 95 de Barco de Valdeorras, obsequio del cofrade Enrique Gilp\u00e9rez&#8230;<br>Arzuaga Crianza 93<br>Arzuaga Crianza 93<\/p>\n\n\n\n<p>Men\u00fa :<br>Crema de puerros con gelatina de bacon<br>Tosta de pimiento morr\u00f3n asado con su ensalada<br>Sopas de ajo con ravioli cremoso de bacalao y yema de huevo<br>Morro y oreja de cerdo lacados con patata y tocineta y calabaza compotada<br>Helado de caramelo y especias y crujiente de cacao y frutas secas<br>Capuccino de licor de leche<\/p>\n\n\n\n<p><strong><u>MAYO 96 (7-5-96)<\/u><\/strong><br>Lugar: Tenis<br>Chef: Juan Mari Humada<br>Bodegas: Araco y Olarra<\/p>\n\n\n\n<figure class=\"wp-block-table is-style-regular\"><table><tbody><tr><td>Se\u00f1or\u00edo Araco 95 blanco de viura<\/td><\/tr><tr><td>Se\u00f1or\u00edo Araco 95 tinto de tempranillo y mazuelo<\/td><\/tr><tr><td>A\u00f1ares 93<\/td><\/tr><tr><td>A\u00f1ares 88<\/td><\/tr><tr><td>Cerro A\u00f1\u00f3n 89<\/td><\/tr><\/tbody><\/table><\/figure>\n\n\n\n<p>Men\u00fa:<br>Esp\u00e1rragos<br>Menestra de habitas, guisantes y patatitas<br>Anchoas en ti\u00e1n con calabac\u00edn y tomate<br>Revuelto de xixas<br>Salteado de hongos con mollejas<br>Minicopa de mamia con fruta del bosque<br>Terrina de frutas (moras, pl\u00e1tanos) con fresas salvajes, gelatina de miel y menta y salsas de maracuy\u00e1, fruta de la pasi\u00f3n y vainilla<\/p>\n\n\n\n<p><strong><u>JUNIO 96 (5-6-96)<\/u><\/strong><br>Lugar: Tenis<br>Chef: Juan Mari Humada<br>Bodegas: Marqu\u00e9s de Gri\u00f1\u00f3n y Marqu\u00e9s de Monistrol<br>Invitados: Carlos Falc\u00f3, marqu\u00e9s de Gri\u00f1\u00f3n, y Alfonso Escriv\u00e1 de Roman\u00ed, marqu\u00e9s de Monistrol<\/p>\n\n\n\n<figure class=\"wp-block-table is-style-regular\"><table><tbody><tr><td>Cava Marqu\u00e9s de Monistrol rosado de uva monastrell<\/td><\/tr><tr><td>Durius<\/td><\/tr><tr><td>Marqu\u00e9s de Gri\u00f1\u00f3n Tempranillo 94<\/td><\/tr><tr><td>Marqu\u00e9s de Gri\u00f1\u00f3n Reserva 89 Colecci\u00f3n Personal<\/td><\/tr><tr><td>Dominio de Valdepusa Cabernet Sauvignon<\/td><\/tr><tr><td>Dominio de Valdepusa 93 Syrah<\/td><\/tr><tr><td>Cava Marqu\u00e9s de Monistrol Grand Coupage Brut Reserva<\/td><\/tr><\/tbody><\/table><\/figure>\n\n\n\n<p>Men\u00fa :<br>Hongos al horno con su pastel<br>Guisantitos del pa\u00eds con almejas<br>Anchoas al bon bouple<br>Cr\u00eape de txangurro<br>Lomo de chicharro sobre tomate caramelizado<br>Lomo de buey a la provenzal<br>Tabla de quesos<br>Espuma de regaliz con helado de makil-goxo<\/p>\n\n\n\n<p><strong><u>JULIO 96 (2-7-96)<\/u><\/strong><br>Lugar: Tenis<br>Chef: Juan Mari Humada<br>Bodega: Ondarre<\/p>\n\n\n\n<figure class=\"wp-block-table is-style-regular\"><table><tbody><tr><td>Ondarre 93 blanco de viura<\/td><\/tr><tr><td>Ondarre Reserva 91<\/td><\/tr><tr><td>Ondarre Gran Reserva 87<\/td><\/tr><tr><td>Ondarre Cava Brut Nature<\/td><\/tr><tr><td>Dominio de Valdepusa Cabernet Sauvignon<\/td><\/tr><tr><td>Dominio de Valdepusa 93 Syrah<\/td><\/tr><tr><td>Cava Marqu\u00e9s de Monistrol Grand Coupage Brut Reserva<\/td><\/tr><\/tbody><\/table><\/figure>\n\n\n\n<p>Men\u00fa:<br>Calabac\u00edn, tomate y anchoas en vinagreta<br>Hongos con foie con cebollino y estrag\u00f3n<br>Arroz negro<br>Marmitako de salm\u00f3n<br>Conejo de monte<br>Tartita de frutas con coulis de frambuesa y maracuy\u00e1<br><br><strong><u>OCTUBRE 96 (LA GRANDE BOUFFE) (1-10-96)<\/u><\/strong><br>Lugar: Tenis<br>Chef: Juan Mari Humada<br>Bodega: No. Vinos comprados.<\/p>\n\n\n\n<figure class=\"wp-block-table is-style-regular\"><table><tbody><tr><td>Cava 1551 Codorniu (invitaci\u00f3n del cofrade Juan Ceballos por su boda)<\/td><\/tr><tr><td>Pazo Barrantes Albari\u00f1o 94<\/td><\/tr><tr><td>Raymat Chardonnay<\/td><\/tr><tr><td>Marimar Torres Pinot Noir 93<\/td><\/tr><tr><td>Fonseca Porto Tawny<\/td><\/tr><\/tbody><\/table><\/figure>\n\n\n\n<p>Men\u00fa:<br>Ravioli de salm\u00f3n ahumado y almejas<br>Ensalada de bogavante con vinagreta y salsa rosa<br>Txangurro cocido<br>Brocheta de rape y langostinos<br>Colas de cigala con l\u00e1mina de bacalao, hongos y patata<br>Magret de pato con moras y charlota rellena de pato con salsa de naranja<br>Tarta de pl\u00e1tano y manzana, hojaldre de pi\u00f1ones, charlota de ruibarbo, helado de makil-goxo y helado de pi\u00f1a con ron<br><br><br><strong><u>DICIEMBRE 96 (3-12-96)<\/u><\/strong><br>Lugar: Tenis<br>Chef: Juan Mari Humada<br>Bodega: Artadi<\/p>\n\n\n\n<figure class=\"wp-block-table is-style-regular\"><table><tbody><tr><td>Vino primicia sin etiquetar de tempranillo y viura<\/td><\/tr><tr><td>Vi\u00f1as de Gain 94<\/td><\/tr><tr><td>Artadi Reserva 92 Pagos Viejos<\/td><\/tr><\/tbody><\/table><\/figure>\n\n\n\n<p>Men\u00fa:<br>Espuma de esp\u00e1rragos y ostras<br>Langostinos escabechados con vinagre de sidra<br>Consom\u00e9 gel\u00e9 de foie, trufas y pich\u00f3n<br>Lomo de salmonete sobre crema de Idiaz\u00e1bal<br>Picant\u00f3n (pollo tomatero) a las uvas con pur\u00e9 de pasas, higos y manzanas<br>Milhojas de galleta de miel con manzana asada, sagardoz y salsa de sidra al romero<br><br><strong><u>ENERO 97<\/u><\/strong><br>Lugar: Tenis<br>Chef: Juan Mari Humada<br>Bodega: Chivite<br>Invitado: Juli\u00e1n Chivite<\/p>\n\n\n\n<figure class=\"wp-block-table is-style-regular\"><table><tbody><tr><td>Gran Feudo Chardonnay 95<\/td><\/tr><tr><td>Chivite Reserva 91<\/td><\/tr><tr><td>Colecci\u00f3n 125 Reserva 92<\/td><\/tr><tr><td>Moscatel Chivite Vendimia Tard\u00eda 95<\/td><\/tr><\/tbody><\/table><\/figure>\n\n\n\n<p>Men\u00fa:<br>Espuma de queso con salm\u00f3n y aceite virgen<br>Lasa\u00f1a de txangurro y bacalao<br>Chicharro marinado<br>Hongos, alcachofas, careta de cerdo, langostinos y esp\u00e1rragos<br>Bito\u00f1os de merluza con salsa de porrusalda<br>Conejo relleno de frutos secos<br>Biscuit glac\u00e9 de higos con salsa de almendras garrapi\u00f1adas<\/p>\n\n\n\n<p><strong><u>FEBRERO 97<\/u><\/strong><br>Lugar: Tenis<br>Chef: Juan Mari Humada<br>Bodega: No. Comercial Pulet present\u00f3 algunos de sus productos<br><br>Vinos:<\/p>\n\n\n\n<figure class=\"wp-block-table is-style-regular\"><table><tbody><tr><td>Manzanilla Solear de Barbadillo<\/td><\/tr><tr><td>Castillo de San Diego de Antonio Barbadillo 95<\/td><\/tr><tr><td>Se\u00f1or\u00edo de Urdaix (Corella)<\/td><\/tr><tr><td>Siglo Reserva 86<\/td><\/tr><\/tbody><\/table><\/figure>\n\n\n\n<p>Men\u00fa:<br>Espuma de coliflor con anchoas<br>Bacalao marinado con zumo de lim\u00f3n, aguacate y aceite virgen<br>Ensalada de trufa con patata<br>Langostinos con morillas (karraspi\u00f1as)<br>Tartaleta de bogavante y rape<br>Manitas con hongos<br>Plato del maestro chocolatero: helado de chocolate con an\u00eds estrellado, tartita de trufa y chocolate blanco, sorbete de cacao y menta<\/p>\n\n\n\n<p><strong><u>MARZO 97<\/u><\/strong><br>Lugar: Tenis<br>Chef: Juan Mari Humada<br>Bodega: No. Vinos comprados<br><br>Vinos:<\/p>\n\n\n\n<figure class=\"wp-block-table is-style-regular\"><table><tbody><tr><td>Arregi Getariako Txakolina<\/td><\/tr><tr><td>Arzuaga Crianza 94<\/td><\/tr><\/tbody><\/table><\/figure>\n\n\n\n<p>Men\u00fa:<br>Carpaccio de avestruz con aceite de oliva, vinagre de M\u00f3dena y estrag\u00f3n<br>Habitas con jam\u00f3n y menta picadita<br>Ensalada templada de lechuga, tocino, champi\u00f1\u00f3n, escarola y patata<br>Huevos con jam\u00f3n y sorbete de tomate caramelizado<br>Rape a la plancha con patata fresca y salsa de mostaza<br>Avestruz con salsa de moras y pur\u00e9 de higos<br>Tarta de mango y su sorbete<\/p>\n\n\n\n<p><strong><u>ABRIL 97<\/u><\/strong><br>Lugar: No fue un cap\u00edtulo normal. Juan Mari Humada hab\u00eda tenido un peque\u00f1o incendio y se celebr\u00f3 en Rekondo.<br><br>Bodega: No.<br>Vinos:<\/p>\n\n\n\n<figure class=\"wp-block-table is-style-regular\"><table><tbody><tr><td>Vi\u00f1a Cumbrero 90<\/td><\/tr><tr><td>Muga 84<\/td><\/tr><\/tbody><\/table><\/figure>\n\n\n\n<p>Men\u00fa:<br>Lomo (embutido)<br>Croquetas<br>Salm\u00f3n ahumado en ensalada<br>Tortilla de bacalao<br>Pimientos rellenos de carne de cocido<br>Solomillo<br>Canutillo, helado, tocino de cielo<\/p>\n\n\n\n<p><br><strong><u>MAYO 97<\/u><\/strong><br>Lugar: Tenis<br>Chef: Juan Mari Humada<br>Bodega: Fari\u00f1a.<br>Invitado: Sr. Fari\u00f1a<\/p>\n\n\n\n<figure class=\"wp-block-table is-style-regular\"><table><tbody><tr><td>Fari\u00f1a blanco semidulce<\/td><\/tr><tr><td>Fari\u00f1a blanco de malvas\u00eda<\/td><\/tr><tr><td>Vino Primero 96<\/td><\/tr><tr><td>Gran Colegiata Reserva 90<\/td><\/tr><tr><td>Val de Reyes tinto dulce crianza<\/td><\/tr><\/tbody><\/table><\/figure>\n\n\n\n<p>Men\u00fa:<br>Escalope de foie-gras sobre compota de naranja amarga<br>Zizas y hongos con huevo discernido<br>Bacalao y tocino ib\u00e9rico confitados al pil-pil de ajoblanco<br>Pato canet\u00f3n asado a las peras<br>Pastel de cerezas con espuma de coco, sopa de menta, sorbete de su orujo y la fruta caramelizada<\/p>\n\n\n\n<p><strong><u>JUNIO 97 (3-6-97)<\/u><\/strong><br>Lugar: Tenis<br>Chef: Juan Mari Humada<br>Bodega: No. Vinos comprados.<br>Vinos:<\/p>\n\n\n\n<figure class=\"wp-block-table is-style-regular\"><table><tbody><tr><td>Guiti\u00e1n 96<\/td><\/tr><tr><td>Gran Colegiata Crianza 94<\/td><\/tr><tr><td>Pesquera Crianza 94<\/td><\/tr><tr><td>Pagos Viejos Reserva 92<\/td><\/tr><tr><td>Fari\u00f1aVal de Reyes tinto dulce crianza<\/td><\/tr><\/tbody><\/table><\/figure>\n\n\n\n<p>Men\u00fa:<br>Gazpacho de txangurro<br>Cintas de verdura con kokotxas y bogavante a la mayonesa de trufa<br>Lomos de bacalao fresco con infusi\u00f3n de hinojo sobre compota de setas: sisas de primavera, colmenillas (karraspi\u00f1as) y hongos<br>Chuleta de viejo a la parrilla con piquillos al estilo del Juli\u00e1n<br>Sopa fr\u00eda de mel\u00f3n con gelatina de albahaca y sorbete de coco<\/p>\n\n\n\n<p><strong><u>JULIO 97 (1-7-97)<\/u><\/strong><br>Lugar: Tenis<br>Chef: Juan Mari Humada<br>Bodega: Faustino.<br>Vinos:<\/p>\n\n\n\n<figure class=\"wp-block-table is-style-regular\"><table><tbody><tr><td>Blanco 96<\/td><\/tr><tr><td>Rosado 96<\/td><\/tr><tr><td>Faustino V Reserva 92<\/td><\/tr><tr><td>Faustino I Gran Reserva 89<\/td><\/tr><\/tbody><\/table><\/figure>\n\n\n\n<p>Men\u00fa:<br>Irish coffee de bacalao, patata y jugo de trufa<br>Escalop\u00edn de foie-gras con crema de membrillo<br>Ensalada de carrilleras de ternera, nueces y queso de cabra<br>Salteado de chipirones, langostinos y panceta con vinagreta de pochas del pa\u00eds<br>El cubo de bonito con sopa y teja de marmitako<br>El rulo de manita relleno de hongos, galleta de patata y pur\u00e9 del boletus<br>Tarta de ciruelas, vinagreta de canela y an\u00eds estrellado y sorbete de Mirabelle (ciruela)<br>Queso de oveja con gelatina de grosellas<\/p>\n\n\n\n<p><strong><u>SEPTIEMBRE 97 (2-9-97)<\/u><\/strong><br>Lugar: Tenis<br>Chef: Juan Mari Humada<br>Bodega: Solar de Samaniego<br>Vinos:<\/p>\n\n\n\n<figure class=\"wp-block-table is-style-regular\"><table><tbody><tr><td>Blanco de viura fermentado en barrica 96<\/td><\/tr><tr><td>Tinto joven 96<\/td><\/tr><tr><td>Solar de Samaniego Crianza 93<\/td><\/tr><tr><td>Crianza del 94 sin etiquetar<\/td><\/tr><tr><td>Reserva Especial 90<\/td><\/tr><\/tbody><\/table><\/figure>\n\n\n\n<p>Men\u00fa:<br>Carajillo de pochas y aceite de gambas<br>Salm\u00f3n marinado al eneldo en endivia braseada<br>La sopa fr\u00eda de tomate y sardinas marinadas con espuma de perejil<br>El lomo de chicharro con careta crujiente, ragout de setas y caracoles y aceite de makil-goxo<br>El pollo de caser\u00edo con su jugo y tintura de romesco<br>El canel\u00f3n de ternera con sorbete de cebolla y bacon<br>La tarta helada casera al whisky y peras con salsa de su orujo<\/p>\n\n\n\n<p><strong><u>OCTUBRE 97 (LA GRANDE BOUFFE) (7-10-97)<\/u><\/strong><br>Lugar: Tenis<br>Chef: Juan Mari Humada<br>Bodega: No. Vinos comprados.<br>Vinos:<\/p>\n\n\n\n<figure class=\"wp-block-table is-style-regular\"><table><tbody><tr><td>Waltraud de Torres<\/td><\/tr><tr><td>Guiti\u00e1n fermentado en barrica<\/td><\/tr><tr><td>Chivite 125 Aniversario Reserva 92<\/td><\/tr><tr><td>Pedrosa Reserva 90 Magnum<\/td><\/tr><tr><td>Cava Raimat Brut Nature<\/td><\/tr><\/tbody><\/table><\/figure>\n\n\n\n<p>Men\u00fa:<br>Ensalada de bogavante con vinagreta de manzana reineta<br>Cigalas fet\u00e9n salteadas<br>Txangurro de barco preparado<br>Almeja al lim\u00f3n<br>Ostras de Galicia fr\u00edas<br>Gamba de Huelva a la plancha<br>Salpic\u00f3n de langostinos y bonito especial al vinagre de Jerez<br>Rape a la parrilla<br>Tronch\u00f3n de foie-gras con frutas escarchadas y sirope de moscatel<br>Souffl\u00e9 aniversario<\/p>\n\n\n\n<p><strong><u>DICIEMBRE 97 (2-12-97)<\/u><\/strong><br>Lugar: Tenis<br>Chef: Juan Mari Humada<br>Bodega: Marqu\u00e9s de Velilla<br>Vinos:<\/p>\n\n\n\n<figure class=\"wp-block-table is-style-regular\"><table><tbody><tr><td>Joven 96<\/td><\/tr><tr><td>Marqu\u00e9s de Velilla Crianza 94<\/td><\/tr><tr><td>Marqu\u00e9s de Velilla Reserva 90<\/td><\/tr><\/tbody><\/table><\/figure>\n\n\n\n<p>Men\u00fa:<br>Copita de ostra, aguacate y gelatina de lim\u00f3n<br>Chicharro y anchoa ahumados<br>Ensalada de manitas, hongos y patatas con s\u00e9samo y vinagreta de su jugo<br>Pechuga de paloma torcaz asada y su patita guisada con verduritas de temporada<br>Carr\u00e9 de ciervo con crema de higos y pur\u00e9 de frutos secos<br>Consom\u00e9 de naranja con su crema frita y su confitura<br>Petit-fours navide\u00f1os hechos en casa<\/p>\n","protected":false},"excerpt":{"rendered":"<p>ENERO 96 (9-1-96)&nbsp; Lugar: TenisChef: Juan Mari HumadaBodega :No. Vinos compradosVinos : Pazo Ribeiro 95Vi\u00f1as del Vero Chardonnay 94Raimat Cabernet SauvignonEmilio Moro Reserva 91 Menu:Canap\u00e9s variadosSalpic\u00f3n de oreja, queso de cabra y encurtidosEnsalada templada de mollejas de patoSetas de monje con langostinosPastel de carne con salsa de OportoBacalao al pil-pilPoularda rellenaMilhojas de trufa con helado [&hellip;]<\/p>\n","protected":false},"author":1,"featured_media":0,"parent":0,"menu_order":0,"comment_status":"closed","ping_status":"closed","template":"","meta":{"footnotes":""},"class_list":["post-919","page","type-page","status-publish","hentry"],"_links":{"self":[{"href":"https:\/\/lacasadeluculo.com\/index.php?rest_route=\/wp\/v2\/pages\/919","targetHints":{"allow":["GET"]}}],"collection":[{"href":"https:\/\/lacasadeluculo.com\/index.php?rest_route=\/wp\/v2\/pages"}],"about":[{"href":"https:\/\/lacasadeluculo.com\/index.php?rest_route=\/wp\/v2\/types\/page"}],"author":[{"embeddable":true,"href":"https:\/\/lacasadeluculo.com\/index.php?rest_route=\/wp\/v2\/users\/1"}],"replies":[{"embeddable":true,"href":"https:\/\/lacasadeluculo.com\/index.php?rest_route=%2Fwp%2Fv2%2Fcomments&post=919"}],"version-history":[{"count":3,"href":"https:\/\/lacasadeluculo.com\/index.php?rest_route=\/wp\/v2\/pages\/919\/revisions"}],"predecessor-version":[{"id":922,"href":"https:\/\/lacasadeluculo.com\/index.php?rest_route=\/wp\/v2\/pages\/919\/revisions\/922"}],"wp:attachment":[{"href":"https:\/\/lacasadeluculo.com\/index.php?rest_route=%2Fwp%2Fv2%2Fmedia&parent=919"}],"curies":[{"name":"wp","href":"https:\/\/api.w.org\/{rel}","templated":true}]}}