{"id":8,"date":"2020-03-01T10:17:13","date_gmt":"2020-03-01T10:17:13","guid":{"rendered":"\/?page_id=8"},"modified":"2023-05-14T12:59:31","modified_gmt":"2023-05-14T10:59:31","slug":"casa_de_luculo","status":"publish","type":"page","link":"https:\/\/lacasadeluculo.com\/","title":{"rendered":"Bienvenid@ a nuestro sitio web"},"content":{"rendered":"\n<div class=\"wp-block-image\"><figure class=\"aligncenter size-large is-resized\"><img loading=\"lazy\" decoding=\"async\" src=\"https:\/\/lacasadeluculo.com\/uploads\/2022\/11\/sello1.gif\" alt=\"\" class=\"wp-image-700\" width=\"217\" height=\"213\"\/><\/figure><\/div>\n\n\n\n<h1 class=\"has-text-align-center wp-block-heading\">La Casa de L\u00faculo<\/h1>\n\n\n\n<figure class=\"wp-block-table aligncenter\"><table><tbody><tr><td><\/td><\/tr><tr><td><\/td><\/tr><\/tbody><\/table><\/figure>\n\n\n\n<p>Nuestra nueva p\u00e1gina WEB esta todav\u00eda incompleta. Estamos editando \u00abcapitulos antiguos\u00bb que ser\u00e1n asequibles progresivamente con el bot\u00f3n \u00abcapitulos anteriores a 2019\u00bb<\/p>\n\n\n\n<p><\/p>\n\n\n\n<figure class=\"wp-block-image size-large\"><img loading=\"lazy\" decoding=\"async\" width=\"4032\" height=\"1960\" src=\"https:\/\/lacasadeluculo.com\/uploads\/2020\/03\/fotocapitulo.jpg\" alt=\"\" class=\"wp-image-168\"\/><\/figure>\n\n\n\n<p>VIDEO DE UN CAP\u00cdTULO (con El Lagar de Isilla)<\/p>\n\n\n\n<figure class=\"wp-block-embed is-type-video is-provider-youtube wp-block-embed-youtube wp-embed-aspect-4-3 wp-has-aspect-ratio\"><div class=\"wp-block-embed__wrapper\">\n<iframe loading=\"lazy\" title=\"Video CAPITULO 2023 04\" width=\"788\" height=\"591\" src=\"https:\/\/www.youtube.com\/embed\/nvnLDWrfCH4?feature=oembed\" frameborder=\"0\" allow=\"accelerometer; autoplay; clipboard-write; encrypted-media; gyroscope; picture-in-picture; web-share\" allowfullscreen><\/iframe>\n<\/div><\/figure>\n","protected":false},"excerpt":{"rendered":"<p>La Casa de L\u00faculo Nuestra nueva p\u00e1gina WEB esta todav\u00eda incompleta. Estamos editando \u00abcapitulos antiguos\u00bb que ser\u00e1n asequibles progresivamente con el bot\u00f3n \u00abcapitulos anteriores a 2019\u00bb VIDEO DE UN CAP\u00cdTULO (con El Lagar de Isilla)<\/p>\n","protected":false},"author":1,"featured_media":0,"parent":0,"menu_order":0,"comment_status":"closed","ping_status":"closed","template":"","meta":{"footnotes":""},"class_list":["post-8","page","type-page","status-publish","hentry"],"_links":{"self":[{"href":"https:\/\/lacasadeluculo.com\/index.php?rest_route=\/wp\/v2\/pages\/8","targetHints":{"allow":["GET"]}}],"collection":[{"href":"https:\/\/lacasadeluculo.com\/index.php?rest_route=\/wp\/v2\/pages"}],"about":[{"href":"https:\/\/lacasadeluculo.com\/index.php?rest_route=\/wp\/v2\/types\/page"}],"author":[{"embeddable":true,"href":"https:\/\/lacasadeluculo.com\/index.php?rest_route=\/wp\/v2\/users\/1"}],"replies":[{"embeddable":true,"href":"https:\/\/lacasadeluculo.com\/index.php?rest_route=%2Fwp%2Fv2%2Fcomments&post=8"}],"version-history":[{"count":47,"href":"https:\/\/lacasadeluculo.com\/index.php?rest_route=\/wp\/v2\/pages\/8\/revisions"}],"predecessor-version":[{"id":878,"href":"https:\/\/lacasadeluculo.com\/index.php?rest_route=\/wp\/v2\/pages\/8\/revisions\/878"}],"wp:attachment":[{"href":"https:\/\/lacasadeluculo.com\/index.php?rest_route=%2Fwp%2Fv2%2Fmedia&parent=8"}],"curies":[{"name":"wp","href":"https:\/\/api.w.org\/{rel}","templated":true}]}}