{"id":589,"date":"2022-07-05T17:12:34","date_gmt":"2022-07-05T15:12:34","guid":{"rendered":"https:\/\/lacasadeluculo.com\/?page_id=589"},"modified":"2024-05-06T17:28:49","modified_gmt":"2024-05-06T15:28:49","slug":"capitulos-anteriores-a-2019","status":"publish","type":"page","link":"https:\/\/lacasadeluculo.com\/?page_id=589","title":{"rendered":"Cap\u00edtulos anteriores a 2019"},"content":{"rendered":"\n<p>anteriormente a 01\/01\/2019 cada p\u00e1gina contiene los cap\u00edtulos de octubre del a\u00f1o N a septiembre del a\u00f1o N+1 (entre dos gran Bouffe)<\/p>\n\n\n\n<p><a href=\"https:\/\/lacasadeluculo.com\/uploads\/2022\/07\/capit2018fin.pdf\">Cap\u00edtulos \u00faltimo trimestre 2018<\/a><\/p>\n\n\n\n<p><a href=\"https:\/\/lacasadeluculo.com\/uploads\/2022\/07\/capit2017_18-1.pdf\">Cap\u00edtulos oct 2017 hasta sept 2018<\/a><\/p>\n\n\n\n<p><a href=\"https:\/\/lacasadeluculo.com\/uploads\/2022\/07\/capit2016_17-1.pdf\">Cap\u00edtulos oct 2016 hasta sept 2017<\/a><\/p>\n\n\n\n<p><a href=\"https:\/\/lacasadeluculo.com\/uploads\/2022\/07\/capit2015_16-1.pdf\">Cap\u00edtulos oct 2015 hasta sept 2016<\/a><\/p>\n\n\n\n<p><a href=\"https:\/\/lacasadeluculo.com\/uploads\/2022\/07\/capit2015_16-1.pdf\">Cap\u00edtulos oct 2014 hasta se<\/a><a href=\"https:\/\/lacasadeluculo.com\/uploads\/2022\/07\/capit2014_15-1.pdf\">p<\/a><a href=\"https:\/\/lacasadeluculo.com\/uploads\/2022\/07\/capit2015_16-1.pdf\">t 2015<\/a><\/p>\n\n\n\n<p><a href=\"https:\/\/lacasadeluculo.com\/uploads\/2022\/07\/capit2013_14.pdf\">Cap\u00edtulos oct 2013 hasta sept 2014<\/a><\/p>\n\n\n\n<p><a href=\"https:\/\/lacasadeluculo.com\/uploads\/2024\/05\/capit2012_13A.pdf\">Cap\u00edtulos oct 2012 hasta sept 2013<\/a><\/p>\n\n\n\n<p><a href=\"https:\/\/lacasadeluculo.com\/uploads\/2022\/07\/capit2011_12.pdf\">Cap\u00edtulos oct 2011 hasta sept 2012<\/a><\/p>\n\n\n\n<p><a href=\"https:\/\/lacasadeluculo.com\/uploads\/2022\/07\/capit2010_11.pdf\">Cap\u00edtulos oct 2010 hasta sept 2011<\/a><\/p>\n\n\n\n<p><a href=\"https:\/\/lacasadeluculo.com\/uploads\/2022\/07\/capit2009_10.pdf\">Cap\u00edtulos oct 2009 hasta sept 2010<\/a><\/p>\n\n\n\n<p><a href=\"https:\/\/lacasadeluculo.com\/uploads\/2022\/07\/capit2008_09.pdf\">Cap\u00edtulos oct 2008 hasta sept 2009<\/a><\/p>\n\n\n\n<p><a href=\"https:\/\/lacasadeluculo.com\/uploads\/2022\/11\/capit2007_08.pdf\">Cap\u00edtulos oct 2007 hasta sept 2008<\/a><\/p>\n\n\n\n<p><a href=\"https:\/\/lacasadeluculo.com\/uploads\/2022\/11\/capit2006_07.pdf\" target=\"_blank\" rel=\"noreferrer noopener\">Cap\u00edtulos oct 2006 hasta sept 2007<\/a><\/p>\n\n\n\n<p><a rel=\"noreferrer noopener\" href=\"https:\/\/lacasadeluculo.com\/uploads\/2022\/11\/capit2007_08.pdf\" target=\"_blank\">C<\/a><a rel=\"noreferrer noopener\" href=\"https:\/\/lacasadeluculo.com\/uploads\/2022\/11\/capit2005_06.pdf\" target=\"_blank\">ap\u00edtulos oct 2005 hasta sept 2006<\/a><\/p>\n\n\n\n<p><a rel=\"noreferrer noopener\" href=\"https:\/\/lacasadeluculo.com\/uploads\/2022\/11\/capit2004_05.pdf\" target=\"_blank\">Cap\u00edtulos oct 2004 hasta sept 2005<\/a><\/p>\n\n\n\n<p><a rel=\"noreferrer noopener\" href=\"https:\/\/lacasadeluculo.com\/uploads\/2022\/11\/capit2003_04.pdf\" target=\"_blank\">Cap\u00edtulos oct 2003 hasta sept 2004<\/a><\/p>\n\n\n\n<p><a rel=\"noreferrer noopener\" href=\"https:\/\/lacasadeluculo.com\/uploads\/2022\/11\/capit2002_03.pdf\" target=\"_blank\">Cap\u00edtulos oct 2002 hasta sept 2003<\/a><\/p>\n\n\n\n<p><a rel=\"noreferrer noopener\" href=\"https:\/\/lacasadeluculo.com\/uploads\/2022\/11\/capit2001_02.pdf\" target=\"_blank\">Cap\u00edtulos oct 2001 hasta sept 2002<\/a><\/p>\n\n\n\n<p><a href=\"https:\/\/lacasadeluculo.com\/uploads\/2022\/11\/capit1998_B.pdf\" target=\"_blank\" rel=\"noreferrer noopener\">Cap\u00edtulos ene 1998 hasta dic 1998<\/a><\/p>\n","protected":false},"excerpt":{"rendered":"<p>anteriormente a 01\/01\/2019 cada p\u00e1gina contiene los cap\u00edtulos de octubre del a\u00f1o N a septiembre del a\u00f1o N+1 (entre dos gran Bouffe) Cap\u00edtulos \u00faltimo trimestre 2018 Cap\u00edtulos oct 2017 hasta sept 2018 Cap\u00edtulos oct 2016 hasta sept 2017 Cap\u00edtulos oct 2015 hasta sept 2016 Cap\u00edtulos oct 2014 hasta sept 2015 Cap\u00edtulos oct 2013 hasta sept [&hellip;]<\/p>\n","protected":false},"author":1,"featured_media":0,"parent":0,"menu_order":0,"comment_status":"closed","ping_status":"closed","template":"","meta":{"footnotes":""},"class_list":["post-589","page","type-page","status-publish","hentry"],"_links":{"self":[{"href":"https:\/\/lacasadeluculo.com\/index.php?rest_route=\/wp\/v2\/pages\/589","targetHints":{"allow":["GET"]}}],"collection":[{"href":"https:\/\/lacasadeluculo.com\/index.php?rest_route=\/wp\/v2\/pages"}],"about":[{"href":"https:\/\/lacasadeluculo.com\/index.php?rest_route=\/wp\/v2\/types\/page"}],"author":[{"embeddable":true,"href":"https:\/\/lacasadeluculo.com\/index.php?rest_route=\/wp\/v2\/users\/1"}],"replies":[{"embeddable":true,"href":"https:\/\/lacasadeluculo.com\/index.php?rest_route=%2Fwp%2Fv2%2Fcomments&post=589"}],"version-history":[{"count":42,"href":"https:\/\/lacasadeluculo.com\/index.php?rest_route=\/wp\/v2\/pages\/589\/revisions"}],"predecessor-version":[{"id":1080,"href":"https:\/\/lacasadeluculo.com\/index.php?rest_route=\/wp\/v2\/pages\/589\/revisions\/1080"}],"wp:attachment":[{"href":"https:\/\/lacasadeluculo.com\/index.php?rest_route=%2Fwp%2Fv2%2Fmedia&parent=589"}],"curies":[{"name":"wp","href":"https:\/\/api.w.org\/{rel}","templated":true}]}}