{"id":384,"date":"2021-10-23T10:34:30","date_gmt":"2021-10-23T08:34:30","guid":{"rendered":"https:\/\/lacasadeluculo.com\/?page_id=384"},"modified":"2023-01-31T09:26:24","modified_gmt":"2023-01-31T08:26:24","slug":"capitulos-2021","status":"publish","type":"page","link":"https:\/\/lacasadeluculo.com\/?page_id=384","title":{"rendered":"cap\u00edtulos 2021"},"content":{"rendered":"\n<p>PALACIO DE<br>SADA<\/p>\n\n\n\n<p style=\"font-size:20px\"><strong>Durante este a\u00f1o con motivo de la pandemia de Covid19 se suspendieron muchos cap\u00edtulos<br><\/strong><\/p>\n\n\n\n<p class=\"has-text-align-center has-accent-color has-text-color\">julio 2021<\/p>\n\n\n\n<p class=\"has-background\" style=\"background-color:#fff7c6\"><strong>bodega :&nbsp;PALACIO DE SADA<br>invitado :<\/strong>&nbsp;<br><a rel=\"noreferrer noopener\" style=\"font-weight: bold;\" href=\"https:\/\/lacasadeluculo.com\/uploads\/2021\/10\/cap21_07.pdf\" data-type=\"URL\" target=\"_blank\">vinos y men\u00fa <\/a><\/p>\n\n\n\n<p><strong><a rel=\"noreferrer noopener\" href=\"https:\/\/lacasadeluculo.com\/?attachment_id=456\" target=\"_blank\">vinos<\/a><\/strong><\/p>\n\n\n\n<p class=\"has-text-align-center has-accent-color has-text-color\">septiembre 2021<\/p>\n\n\n\n<p class=\"has-background\" style=\"background-color:#fff7c6\"><strong>bodega :&nbsp;SE\u00d1ORIO DE VILLARICA<br>invitado :<\/strong>&nbsp;Ismael Fernandez \u00c1balos<br><strong><a rel=\"noreferrer noopener\" href=\"https:\/\/lacasadeluculo.com\/uploads\/2021\/10\/cap21_09-1.pdf\" data-type=\"URL\" data-id=\"https:\/\/lacasadeluculo.com\/uploads\/2021\/10\/cap21_09-1.pdf\" target=\"_blank\">vinos y men\u00fa<\/a><\/strong><\/p>\n\n\n\n<p class=\"has-text-align-center has-accent-color has-text-color\">octubre 2021<\/p>\n\n\n\n<p class=\"has-background\" style=\"background-color:#fff7c6\"><strong><strong>La Gran Bouffe 2021 sin invitados&nbsp;<\/strong><br><a rel=\"noreferrer noopener\" href=\"https:\/\/lacasadeluculo.com\/uploads\/2021\/10\/cap21_10.pdf\" data-type=\"URL\" data-id=\"https:\/\/lacasadeluculo.com\/uploads\/2021\/10\/cap21_10.pdf\" target=\"_blank\">vinos y men\u00fa<\/a><\/strong><\/p>\n\n\n\n<p class=\"has-text-align-center has-accent-color has-text-color\">noviembre 2021<\/p>\n\n\n\n<p class=\"has-background\" style=\"background-color:#fff7c6\"><strong>bodega :&nbsp;SOTOMANRIQUE<br>invitados :<\/strong>&nbsp;Chuchi Soto y Tinita Manrique<br><strong><a href=\"https:\/\/lacasadeluculo.com\/uploads\/2021\/12\/cap21_11.pdf\">vinos y men\u00fa<\/a><\/strong><\/p>\n\n\n\n<p class=\"has-text-align-center\">diciembre 2021<\/p>\n\n\n\n<p class=\"has-background\" style=\"background-color:#fff7c6\"><strong>bodega :\u00a0INURRIETA<br>invitados :<\/strong>\u00a0Tom\u00e1s Anto\u00f1ana (CEO) y Javier Markinez (en\u00f3logo)<br><strong><a href=\"https:\/\/lacasadeluculo.com\/uploads\/2021\/12\/CAP21_12.pdf\">vinos y men\u00fa<\/a><\/strong>                                                                                                            <a href=\"https:\/\/lacasadeluculo.com\/?attachment_id=455\">glosa<\/a><\/p>\n\n\n\n<p><\/p>\n\n\n\n<p><\/p>\n\n\n\n<p><\/p>\n","protected":false},"excerpt":{"rendered":"<p>PALACIO DESADA Durante este a\u00f1o con motivo de la pandemia de Covid19 se suspendieron muchos cap\u00edtulos julio 2021 bodega :&nbsp;PALACIO DE SADAinvitado :&nbsp;vinos y men\u00fa vinos septiembre 2021 bodega :&nbsp;SE\u00d1ORIO DE VILLARICAinvitado :&nbsp;Ismael Fernandez \u00c1balosvinos y men\u00fa octubre 2021 La Gran Bouffe 2021 sin invitados&nbsp;vinos y men\u00fa noviembre 2021 bodega :&nbsp;SOTOMANRIQUEinvitados :&nbsp;Chuchi Soto y Tinita [&hellip;]<\/p>\n","protected":false},"author":1,"featured_media":0,"parent":0,"menu_order":0,"comment_status":"closed","ping_status":"closed","template":"","meta":{"footnotes":""},"class_list":["post-384","page","type-page","status-publish","hentry"],"_links":{"self":[{"href":"https:\/\/lacasadeluculo.com\/index.php?rest_route=\/wp\/v2\/pages\/384","targetHints":{"allow":["GET"]}}],"collection":[{"href":"https:\/\/lacasadeluculo.com\/index.php?rest_route=\/wp\/v2\/pages"}],"about":[{"href":"https:\/\/lacasadeluculo.com\/index.php?rest_route=\/wp\/v2\/types\/page"}],"author":[{"embeddable":true,"href":"https:\/\/lacasadeluculo.com\/index.php?rest_route=\/wp\/v2\/users\/1"}],"replies":[{"embeddable":true,"href":"https:\/\/lacasadeluculo.com\/index.php?rest_route=%2Fwp%2Fv2%2Fcomments&post=384"}],"version-history":[{"count":24,"href":"https:\/\/lacasadeluculo.com\/index.php?rest_route=\/wp\/v2\/pages\/384\/revisions"}],"predecessor-version":[{"id":782,"href":"https:\/\/lacasadeluculo.com\/index.php?rest_route=\/wp\/v2\/pages\/384\/revisions\/782"}],"wp:attachment":[{"href":"https:\/\/lacasadeluculo.com\/index.php?rest_route=%2Fwp%2Fv2%2Fmedia&parent=384"}],"curies":[{"name":"wp","href":"https:\/\/api.w.org\/{rel}","templated":true}]}}