{"id":344,"date":"2021-10-22T20:10:21","date_gmt":"2021-10-22T18:10:21","guid":{"rendered":"https:\/\/lacasadeluculo.com\/?page_id=344"},"modified":"2021-12-16T12:51:19","modified_gmt":"2021-12-16T11:51:19","slug":"capitulos-2020-2021","status":"publish","type":"page","link":"https:\/\/lacasadeluculo.com\/?page_id=344","title":{"rendered":"cap\u00edtulos 2020"},"content":{"rendered":"\n<p style=\"font-size:20px\"><strong>Durante este a\u00f1o con motivo de la pandemia de Covid19 se suspendieron muchos cap\u00edtulos<br><\/strong><\/p>\n\n\n\n<p class=\"has-text-align-center has-accent-color has-text-color\">enero 2020<\/p>\n\n\n\n<p class=\"has-background\" style=\"background-color:#fff7c6\"><strong>bodega :&nbsp;<strong>CastroVentosa y Cesar Marquez<\/strong><br>invitado :<\/strong>&nbsp;<strong>Cesar Marquez<\/strong><br><strong><a href=\"https:\/\/lacasadeluculo.com\/uploads\/2021\/10\/cap20_01.jpg\" data-type=\"URL\" data-id=\"https:\/\/lacasadeluculo.com\/uploads\/2021\/10\/cap20_01.jpg\" target=\"_blank\" rel=\"noreferrer noopener\">vinos y men\u00fa<\/a><\/strong><\/p>\n\n\n\n<p><\/p>\n\n\n\n<p><\/p>\n\n\n\n<p class=\"has-text-align-center has-accent-color has-text-color\">febrero 2020<\/p>\n\n\n\n<p class=\"has-background\" style=\"background-color:#fff7c6\"><strong>bodega :&nbsp;<strong>CELLER DEL ROURE<\/strong><br>invitado :<\/strong>&nbsp;<strong><strong>PABLO CALATAYUD<\/strong><\/strong><br><strong><a rel=\"noreferrer noopener\" href=\"https:\/\/lacasadeluculo.com\/uploads\/2021\/10\/cap20_02-1.pdf\" data-type=\"URL\" data-id=\"https:\/\/lacasadeluculo.com\/uploads\/2021\/10\/cap20_02-1.pdf\" target=\"_blank\">vinos y men\u00fa<\/a><\/strong><\/p>\n\n\n\n<p><\/p>\n\n\n\n<p class=\"has-text-align-center has-accent-color has-text-color\">marzo 2020<\/p>\n\n\n\n<p class=\"has-background\" style=\"background-color:#fff7c6\"><strong>bodega :&nbsp;<strong>OTAZU<\/strong><br>invitado :<\/strong>&nbsp;<strong><strong><strong>GUILLERMO PENSO y el en\u00f3logo JOSE LU\u00cdS RUIZ<\/strong>.<\/strong><\/strong><br><strong><a rel=\"noreferrer noopener\" href=\"https:\/\/lacasadeluculo.com\/uploads\/2021\/10\/cap20_03.pdf\" data-type=\"URL\" data-id=\"https:\/\/lacasadeluculo.com\/uploads\/2021\/10\/cap20_03.pdf\" target=\"_blank\">vinos y men\u00fa<\/a><\/strong><\/p>\n\n\n\n<p>A<strong>bril y Mayo 2020<\/strong><\/p>\n\n\n\n<p><em>cancelados por coronavirus<\/em><\/p>\n\n\n\n<p>______________________________________________________________________<\/p>\n\n\n\n<p><\/p>\n\n\n\n<p class=\"has-text-align-center has-accent-color has-text-color\">junio 2020<\/p>\n\n\n\n<p class=\"has-background\" style=\"background-color:#fff7c6\"><strong>bodegas :\u00a0<strong>Dominio de Silos Dominio de Pidio<\/strong><br>invitado :<\/strong>\u00a0<strong><strong><strong><strong>ROBERTO ARAGON GARC\u00cdA<\/strong>.<\/strong><\/strong><\/strong><br><strong><a rel=\"noreferrer noopener\" href=\"https:\/\/lacasadeluculo.com\/uploads\/2021\/10\/cap20_06.pdf\" data-type=\"URL\" data-id=\"https:\/\/lacasadeluculo.com\/uploads\/2021\/10\/cap20_06.pdf\" target=\"_blank\">vinos y men\u00fa<\/a><\/strong>                <a rel=\"noreferrer noopener\" href=\"https:\/\/lacasadeluculo.com\/uploads\/2020\/06\/glosa1-cillar-de-silos.pdf\" data-type=\"URL\" data-id=\"https:\/\/lacasadeluculo.com\/uploads\/2020\/06\/glosa1-cillar-de-silos.pdf\" target=\"_blank\"> glosa<\/a><\/p>\n\n\n\n<p class=\"has-text-align-center has-accent-color has-text-color\">julio 2020<\/p>\n\n\n\n<p class=\"has-background\" style=\"background-color:#fff7c6\"><strong>bodegas :&nbsp;<br>invitado :<\/strong>&nbsp;<strong>JAVIER AUS\u00c1S<\/strong><br><a rel=\"noreferrer noopener\" href=\"https:\/\/lacasadeluculo.com\/uploads\/2021\/10\/cap20_07.pdf\" data-type=\"URL\" data-id=\"https:\/\/lacasadeluculo.com\/uploads\/2021\/10\/cap20_07.pdf\" target=\"_blank\"><strong>vinos y men\u00fa<\/strong> <\/a>               <\/p>\n\n\n\n<p class=\"has-text-align-center has-accent-color has-text-color\">septiembre 2020<\/p>\n\n\n\n<p class=\"has-background\" style=\"background-color:#fff7c6\"><strong>bodega :&nbsp;CAN RAFOLS DELS CAUS<br>invitado :<\/strong>&nbsp;<strong>ROSA AGUADO y ASTRID CARITG&nbsp;<\/strong><br><strong><a href=\"https:\/\/lacasadeluculo.com\/uploads\/2021\/10\/cap21_09.pdf\" data-type=\"URL\" data-id=\"https:\/\/lacasadeluculo.com\/uploads\/2021\/10\/cap21_09.pdf\" target=\"_blank\" rel=\"noreferrer noopener\">vinos y men\u00fa<\/a><\/strong><a rel=\"noreferrer noopener\" href=\"https:\/\/lacasadeluculo.com\/uploads\/2021\/10\/cap20_07.pdf\" data-type=\"URL\" data-id=\"https:\/\/lacasadeluculo.com\/uploads\/2021\/10\/cap20_07.pdf\" target=\"_blank\"> <\/a>               <\/p>\n\n\n\n<p class=\"has-text-align-center has-accent-color has-text-color\">octubre 2020<\/p>\n\n\n\n<p class=\"has-background\" style=\"background-color:#fff7c6\"><strong>La Gran Bouffe 2020 sin invitados&nbsp;<\/strong><br><a href=\"https:\/\/lacasadeluculo.com\/uploads\/2021\/10\/cap20_10.pdf\" data-type=\"URL\" data-id=\"https:\/\/lacasadeluculo.com\/uploads\/2021\/10\/cap20_10.pdf\" target=\"_blank\" rel=\"noreferrer noopener\"><strong>vinos y men\u00fa<\/strong>  <\/a>              <\/p>\n\n\n\n<h2 class=\"wp-block-heading\"><a href=\"https:\/\/lacasadeluculo.com\/wp-admin\/post.php?post=171&amp;action=edit\">Edit<\/a><\/h2>\n","protected":false},"excerpt":{"rendered":"<p>Durante este a\u00f1o con motivo de la pandemia de Covid19 se suspendieron muchos cap\u00edtulos enero 2020 bodega :&nbsp;CastroVentosa y Cesar Marquezinvitado :&nbsp;Cesar Marquezvinos y men\u00fa febrero 2020 bodega :&nbsp;CELLER DEL ROUREinvitado :&nbsp;PABLO CALATAYUDvinos y men\u00fa marzo 2020 bodega :&nbsp;OTAZUinvitado :&nbsp;GUILLERMO PENSO y el en\u00f3logo JOSE LU\u00cdS RUIZ.vinos y men\u00fa Abril y Mayo 2020 cancelados por [&hellip;]<\/p>\n","protected":false},"author":1,"featured_media":0,"parent":0,"menu_order":0,"comment_status":"closed","ping_status":"closed","template":"","meta":{"footnotes":""},"class_list":["post-344","page","type-page","status-publish","hentry"],"_links":{"self":[{"href":"https:\/\/lacasadeluculo.com\/index.php?rest_route=\/wp\/v2\/pages\/344","targetHints":{"allow":["GET"]}}],"collection":[{"href":"https:\/\/lacasadeluculo.com\/index.php?rest_route=\/wp\/v2\/pages"}],"about":[{"href":"https:\/\/lacasadeluculo.com\/index.php?rest_route=\/wp\/v2\/types\/page"}],"author":[{"embeddable":true,"href":"https:\/\/lacasadeluculo.com\/index.php?rest_route=\/wp\/v2\/users\/1"}],"replies":[{"embeddable":true,"href":"https:\/\/lacasadeluculo.com\/index.php?rest_route=%2Fwp%2Fv2%2Fcomments&post=344"}],"version-history":[{"count":21,"href":"https:\/\/lacasadeluculo.com\/index.php?rest_route=\/wp\/v2\/pages\/344\/revisions"}],"predecessor-version":[{"id":462,"href":"https:\/\/lacasadeluculo.com\/index.php?rest_route=\/wp\/v2\/pages\/344\/revisions\/462"}],"wp:attachment":[{"href":"https:\/\/lacasadeluculo.com\/index.php?rest_route=%2Fwp%2Fv2%2Fmedia&parent=344"}],"curies":[{"name":"wp","href":"https:\/\/api.w.org\/{rel}","templated":true}]}}