{"id":278,"date":"2021-10-15T15:36:21","date_gmt":"2021-10-15T13:36:21","guid":{"rendered":"https:\/\/lacasadeluculo.com\/?page_id=278"},"modified":"2026-04-02T07:30:38","modified_gmt":"2026-04-02T05:30:38","slug":"proximo-capitulo-2","status":"publish","type":"page","link":"https:\/\/lacasadeluculo.com\/?page_id=278","title":{"rendered":"Pr\u00f3ximo capitulo"},"content":{"rendered":"\n<figure class=\"wp-block-image size-large\"><img loading=\"lazy\" decoding=\"async\" width=\"4032\" height=\"1960\" src=\"\/uploads\/2020\/03\/fotocapitulo.jpg\" alt=\"\" class=\"wp-image-168\"\/><\/figure>\n\n\n\n<p><\/p>\n\n\n\n<p><strong>El pr\u00f3ximo cap\u00edtulo   se celebrar\u00e1 el  7  de  Abril de 2026<br>Bodega  :  Heras Cord\u00f3n<br>Invitado : <\/strong>Jos\u00e9 Luis Heras<\/p>\n\n\n\n<p><strong>VINOS<\/strong><br>Blanco El PRODIGIO 2023 <br>Rosado HC ROS\u00c9 2024<br>Tinto Heras Cord\u00f3n Vend. Selec. 2021 <br>Tinto EL PROP\u00d3SITO 2024 <br>Tinto GAL\u00c1CTICO Garnacha 2023 <br>Tinto CAMINO DE LA TORRE 2022 <br>Tinto MELANC\u00d3LICA Maturana 2024<\/p>\n\n\n\n<p><br><\/p>\n\n\n\n<p> <strong>previsi\u00f3n cap\u00edtulos siguientes:<\/strong><\/p>\n\n\n\n<ul class=\"wp-block-list\">\n<li><\/li>\n<\/ul>\n\n\n\n<p><\/p>\n\n\n\n<p><br><\/p>\n\n\n\n<p><br><\/p>\n\n\n\n<p><\/p>\n\n\n\n<p><br><br><\/p>\n\n\n\n<p><\/p>\n\n\n\n<p><\/p>\n\n\n\n<div class=\"wp-block-group\"><div class=\"wp-block-group__inner-container is-layout-flow wp-block-group-is-layout-flow\"><\/div><\/div>\n\n\n\n<p><\/p>\n\n\n\n<p><\/p>\n","protected":false},"excerpt":{"rendered":"<p>El pr\u00f3ximo cap\u00edtulo se celebrar\u00e1 el 7 de Abril de 2026Bodega : Heras Cord\u00f3nInvitado : Jos\u00e9 Luis Heras VINOSBlanco El PRODIGIO 2023 Rosado HC ROS\u00c9 2024Tinto Heras Cord\u00f3n Vend. Selec. 2021 Tinto EL PROP\u00d3SITO 2024 Tinto GAL\u00c1CTICO Garnacha 2023 Tinto CAMINO DE LA TORRE 2022 Tinto MELANC\u00d3LICA Maturana 2024 previsi\u00f3n cap\u00edtulos siguientes:<\/p>\n","protected":false},"author":1,"featured_media":0,"parent":0,"menu_order":0,"comment_status":"closed","ping_status":"closed","template":"","meta":{"footnotes":""},"class_list":["post-278","page","type-page","status-publish","hentry"],"_links":{"self":[{"href":"https:\/\/lacasadeluculo.com\/index.php?rest_route=\/wp\/v2\/pages\/278","targetHints":{"allow":["GET"]}}],"collection":[{"href":"https:\/\/lacasadeluculo.com\/index.php?rest_route=\/wp\/v2\/pages"}],"about":[{"href":"https:\/\/lacasadeluculo.com\/index.php?rest_route=\/wp\/v2\/types\/page"}],"author":[{"embeddable":true,"href":"https:\/\/lacasadeluculo.com\/index.php?rest_route=\/wp\/v2\/users\/1"}],"replies":[{"embeddable":true,"href":"https:\/\/lacasadeluculo.com\/index.php?rest_route=%2Fwp%2Fv2%2Fcomments&post=278"}],"version-history":[{"count":115,"href":"https:\/\/lacasadeluculo.com\/index.php?rest_route=\/wp\/v2\/pages\/278\/revisions"}],"predecessor-version":[{"id":1457,"href":"https:\/\/lacasadeluculo.com\/index.php?rest_route=\/wp\/v2\/pages\/278\/revisions\/1457"}],"wp:attachment":[{"href":"https:\/\/lacasadeluculo.com\/index.php?rest_route=%2Fwp%2Fv2%2Fmedia&parent=278"}],"curies":[{"name":"wp","href":"https:\/\/api.w.org\/{rel}","templated":true}]}}