{"id":171,"date":"2020-03-25T19:23:13","date_gmt":"2020-03-25T18:23:13","guid":{"rendered":"\/?page_id=171"},"modified":"2021-10-23T11:07:21","modified_gmt":"2021-10-23T09:07:21","slug":"capitulos-2019-20","status":"publish","type":"page","link":"https:\/\/lacasadeluculo.com\/?page_id=171","title":{"rendered":"cap\u00edtulos 2019"},"content":{"rendered":"\n<p class=\"has-text-align-center has-accent-color has-text-color\">enero<strong> 2019<\/strong><\/p>\n\n\n\n<p class=\"has-text-align-left has-background\" style=\"background-color:#fff7c6;font-size:14px\"><strong>bodega : Gonz\u00e1lez Byass<br>invitado : <\/strong><br><strong><span style=\"text-decoration: underline;\"><a href=\"https:\/\/lacasadeluculo.com\/uploads\/2021\/10\/cap19_01.pdf\" data-type=\"URL\" data-id=\"https:\/\/lacasadeluculo.com\/uploads\/2021\/10\/cap19_01.pdf\" target=\"_blank\" rel=\"noreferrer noopener\">vinos y men\u00fa<\/a><\/span><\/strong><\/p>\n\n\n\n<p class=\"has-text-align-center has-accent-color has-text-color\">febrero<strong> 2019<\/strong><\/p>\n\n\n\n<p class=\"has-background\" style=\"background-color:#fff7c6;font-size:14px\">Bodegas :<br><strong><small>VALL LLACH invitado Albert Costa<br>MAS DOIX invitado Ram\u00f3n Llagostera<br>MAS D&#8217;EN GIL invitada Marta Rovira<br>CLOS FIGUERES invitado Christopher Cannan<\/small><\/strong><br><span class=\"has-inline-color has-accent-color\"><strong><a href=\"https:\/\/lacasadeluculo.com\/uploads\/2021\/10\/cap19_02.pdf\" data-type=\"URL\" data-id=\"https:\/\/lacasadeluculo.com\/uploads\/2021\/10\/cap19_02.pdf\" target=\"_blank\" rel=\"noreferrer noopener\">vinos y men\u00fa<\/a><\/strong><\/span><\/p>\n\n\n\n<p class=\"has-text-align-center has-accent-color has-text-color\"><span class=\"has-inline-color has-accent-color\">marzo<strong> 2019<\/strong><\/span><\/p>\n\n\n\n<p class=\"has-background\" style=\"background-color:#fff7c6;font-size:14px\"><strong>bodega : <strong>La Conreria d&#8217;Scala Dei<\/strong><br>invitado :<\/strong><br><strong><a href=\"https:\/\/lacasadeluculo.com\/uploads\/2021\/10\/cap19_03.pdf\" data-type=\"URL\" data-id=\"https:\/\/lacasadeluculo.com\/uploads\/2021\/10\/cap19_03.pdf\" target=\"_blank\" rel=\"noreferrer noopener\">vinos y men\u00fa<\/a><\/strong><\/p>\n\n\n\n<p class=\"has-text-align-center has-accent-color has-text-color\">abril<span class=\"has-inline-color has-accent-color\"><strong> 2019<\/strong><\/span><\/p>\n\n\n\n<p class=\"has-background\" style=\"background-color:#fff7c6;font-size:14px\"><strong>bodega : <strong><strong>Dominio de Berzal\u00bb (Rioja Alavesa)<\/strong><\/strong><br>invitados : Jos\u00e9 Luis e I\u00f1igo Beltr\u00e1n Troncosoa<\/strong><br><strong><a href=\"https:\/\/lacasadeluculo.com\/uploads\/2021\/10\/cap19_04.pdf\" data-type=\"URL\" data-id=\"https:\/\/lacasadeluculo.com\/uploads\/2021\/10\/cap19_04.pdf\" target=\"_blank\" rel=\"noreferrer noopener\">vinos y men\u00fa<\/a><\/strong><\/p>\n\n\n\n<p class=\"has-text-align-center has-accent-color has-text-color\">mayo<span class=\"has-inline-color has-accent-color\"><strong> 2019<\/strong><\/span><\/p>\n\n\n\n<p class=\"has-background\" style=\"background-color:#fff7c6;font-size:14px\"><strong>bodega : Grupo Juan Gil<br>invitados : LAURA HERRAEZ, sumiller del grupo y FERR\u00c1N GARCIA, representante de la bodega<\/strong><br><strong><a href=\"https:\/\/lacasadeluculo.com\/uploads\/2021\/10\/cap19_05.pdf\" data-type=\"URL\" data-id=\"https:\/\/lacasadeluculo.com\/uploads\/2021\/10\/cap19_05.pdf\" target=\"_blank\" rel=\"noreferrer noopener\">vinos y men\u00fa<\/a><\/strong><\/p>\n\n\n\n<p class=\"has-text-align-center has-accent-color has-text-color\">junio<span class=\"has-inline-color has-accent-color\"><strong> 2019<\/strong><\/span><\/p>\n\n\n\n<p class=\"has-background\" style=\"background-color:#fff7c6;font-size:14px\"><strong>bodega : <strong>Donierne Gorrondona<\/strong><br>invitada :<\/strong> <strong>ITZIAR INSAUSTI, en\u00f3loga y&nbsp; una de las propietarias de la bodega<\/strong><br><strong><a href=\"https:\/\/lacasadeluculo.com\/uploads\/2021\/10\/cap19_06.pdf\" data-type=\"URL\" data-id=\"https:\/\/lacasadeluculo.com\/uploads\/2021\/10\/cap19_06.pdf\" target=\"_blank\" rel=\"noreferrer noopener\">vinos y men\u00fa<\/a><\/strong><\/p>\n\n\n\n<p class=\"has-text-align-center has-accent-color has-text-color\">julio<span class=\"has-inline-color has-accent-color\"><strong> 2019<\/strong><\/span><\/p>\n\n\n\n<p class=\"has-background\" style=\"background-color:#fff7c6;font-size:14px\"><strong>bodega :Jes\u00fas Madrazo<br>invitado :<\/strong> <strong>Jes\u00fas Madrazo<\/strong><br><strong><a rel=\"noreferrer noopener\" href=\"https:\/\/lacasadeluculo.com\/uploads\/2021\/10\/cap19_07.pdf\" data-type=\"URL\" data-id=\"https:\/\/lacasadeluculo.com\/uploads\/2021\/10\/cap19_07.pdf\" target=\"_blank\">vinos y men\u00fa<\/a><\/strong><\/p>\n\n\n\n<p class=\"has-text-align-center has-accent-color has-text-color\">septiembre <span class=\"has-inline-color has-accent-color\"><strong>2019<\/strong><\/span><\/p>\n\n\n\n<p class=\"has-background\" style=\"background-color:#fff7c6;font-size:14px\"><strong>bodega :<strong>Gordonzello &nbsp;(Le\u00f3n)<\/strong><br>invitado :<\/strong> <strong>To\u00f1o mor\u00e1n ,propietario<\/strong><br><strong><a href=\"https:\/\/lacasadeluculo.com\/uploads\/2021\/10\/cap19_09.pdf\" data-type=\"URL\" data-id=\"https:\/\/lacasadeluculo.com\/uploads\/2021\/10\/cap19_09.pdf\" target=\"_blank\" rel=\"noreferrer noopener\">vinos y men\u00fa<\/a><\/strong><\/p>\n\n\n\n<p class=\"has-text-align-center has-accent-color has-text-color\">octubre 2019<\/p>\n\n\n\n<p class=\"has-background\" style=\"background-color:#fff7c6\"><strong>La Gran Bouffe 2019 sin invitados\u00a0<\/strong><br><a href=\"https:\/\/lacasadeluculo.com\/uploads\/2021\/10\/cap19_10.pdf\" data-type=\"URL\" data-id=\"https:\/\/lacasadeluculo.com\/uploads\/2021\/10\/cap19_10.pdf\" target=\"_blank\" rel=\"noreferrer noopener\"><strong>vinos y men\u00fa<\/strong>    <\/a>            <\/p>\n\n\n\n<p class=\"has-text-align-center has-accent-color has-text-color\">noviembre <span class=\"has-inline-color has-accent-color\"><strong>2019<\/strong><\/span><\/p>\n\n\n\n<p class=\"has-background\" style=\"background-color:#fff7c6;font-size:14px\"><strong>bodega :<strong>Luna Beberide<\/strong><br>invitado :<\/strong> <strong>Alejandro Luna<\/strong><br><strong><a rel=\"noreferrer noopener\" href=\"https:\/\/lacasadeluculo.com\/uploads\/2021\/10\/cap19_11.pdf\" data-type=\"URL\" data-id=\"https:\/\/lacasadeluculo.com\/uploads\/2021\/10\/cap19_11.pdf\" target=\"_blank\">vinos y men\u00fa<\/a><\/strong><\/p>\n\n\n\n<p class=\"has-text-align-center has-accent-color has-text-color\">diciembre <span class=\"has-inline-color has-accent-color\"><strong>2019<\/strong><\/span><\/p>\n\n\n\n<p class=\"has-background\" style=\"background-color:#fff7c6;font-size:14px\"><strong>bodega :<strong> <strong>Hacienda Monasterio<\/strong><\/strong><br>invitado :<\/strong> <strong>Carlos de la Fuente en\u00f3logo<\/strong><br><strong><a href=\"https:\/\/lacasadeluculo.com\/uploads\/2021\/10\/cap19_12.pdf\" data-type=\"URL\" data-id=\"https:\/\/lacasadeluculo.com\/uploads\/2021\/10\/cap19_12.pdf\" target=\"_blank\" rel=\"noreferrer noopener\">vinos y men\u00fa<\/a><\/strong><\/p>\n\n\n\n<p>________________________________________________________________________________________________________________<\/p>\n","protected":false},"excerpt":{"rendered":"<p>enero 2019 bodega : Gonz\u00e1lez Byassinvitado : vinos y men\u00fa febrero 2019 Bodegas :VALL LLACH invitado Albert CostaMAS DOIX invitado Ram\u00f3n LlagosteraMAS D&#8217;EN GIL invitada Marta RoviraCLOS FIGUERES invitado Christopher Cannanvinos y men\u00fa marzo 2019 bodega : La Conreria d&#8217;Scala Deiinvitado :vinos y men\u00fa abril 2019 bodega : Dominio de Berzal\u00bb (Rioja Alavesa)invitados : Jos\u00e9 [&hellip;]<\/p>\n","protected":false},"author":1,"featured_media":0,"parent":0,"menu_order":0,"comment_status":"closed","ping_status":"closed","template":"","meta":{"footnotes":""},"class_list":["post-171","page","type-page","status-publish","hentry"],"_links":{"self":[{"href":"https:\/\/lacasadeluculo.com\/index.php?rest_route=\/wp\/v2\/pages\/171","targetHints":{"allow":["GET"]}}],"collection":[{"href":"https:\/\/lacasadeluculo.com\/index.php?rest_route=\/wp\/v2\/pages"}],"about":[{"href":"https:\/\/lacasadeluculo.com\/index.php?rest_route=\/wp\/v2\/types\/page"}],"author":[{"embeddable":true,"href":"https:\/\/lacasadeluculo.com\/index.php?rest_route=\/wp\/v2\/users\/1"}],"replies":[{"embeddable":true,"href":"https:\/\/lacasadeluculo.com\/index.php?rest_route=%2Fwp%2Fv2%2Fcomments&post=171"}],"version-history":[{"count":43,"href":"https:\/\/lacasadeluculo.com\/index.php?rest_route=\/wp\/v2\/pages\/171\/revisions"}],"predecessor-version":[{"id":406,"href":"https:\/\/lacasadeluculo.com\/index.php?rest_route=\/wp\/v2\/pages\/171\/revisions\/406"}],"wp:attachment":[{"href":"https:\/\/lacasadeluculo.com\/index.php?rest_route=%2Fwp%2Fv2%2Fmedia&parent=171"}],"curies":[{"name":"wp","href":"https:\/\/api.w.org\/{rel}","templated":true}]}}