{"id":1308,"date":"2026-01-21T17:11:53","date_gmt":"2026-01-21T16:11:53","guid":{"rendered":"https:\/\/lacasadeluculo.com\/?page_id=1308"},"modified":"2026-03-23T17:28:07","modified_gmt":"2026-03-23T16:28:07","slug":"capitulos-2026","status":"publish","type":"page","link":"https:\/\/lacasadeluculo.com\/?page_id=1308","title":{"rendered":"Cap\u00edtulos 2026"},"content":{"rendered":"\n<p class=\"has-text-align-center has-accent-color has-text-color\">Enero 2026<\/p>\n\n\n\n<p><a href=\"https:\/\/lacasadeluculo.com\/wp-admin\/edit.php?post_type=page\"><\/a><\/p>\n\n\n\n<p class=\"has-background\" style=\"background-color:#fff7c6\"><strong>bodega :&nbsp;Abeica<br>invitado :<\/strong>&nbsp;Ricardo Fern\u00e1ndez<br> <a href=\"https:\/\/lacasadeluculo.com\/wp-content\/uploads\/2026\/01\/CAP26_01.jpeg\">vinos y men\u00fa<\/a><a href=\"https:\/\/lacasadeluculo.com\/uploads\/2023\/01\/CAP23_01.pdf\"> <\/a> <a href=\"https:\/\/lacasadeluculo.com\/uploads\/2022\/01\/glosa_I_de_Miguel.pdf\" data-type=\"URL\" data-id=\"https:\/\/lacasadeluculo.com\/uploads\/2022\/01\/glosa_I_de_Miguel.pdf\"> <\/a>     <a href=\"https:\/\/lacasadeluculo.com\/wp-content\/uploads\/2026\/01\/GLOSA_ABEICA.pdf\">glosa<\/a><a href=\"https:\/\/lacasadeluculo.com\/uploads\/2023\/01\/CAP23_01.pdf\"> <\/a><\/p>\n\n\n\n<p class=\"has-text-align-center has-accent-color has-text-color\">Febrero 2026<\/p>\n\n\n\n<p><\/p>\n\n\n\n<p class=\"has-background\" style=\"background-color:#fff7c6\"><strong>bodega :\u00a0Grupo Perelada Chivite<br>invitado :<\/strong>\u00a0Javier Garbayo, en\u00f3logo<br> <a href=\"https:\/\/lacasadeluculo.com\/wp-content\/uploads\/2026\/03\/CAP26_02.jpeg\">vinos y men\u00fa<\/a><a href=\"https:\/\/lacasadeluculo.com\/uploads\/2023\/01\/CAP23_01.pdf\"> <\/a> <a href=\"https:\/\/lacasadeluculo.com\/uploads\/2022\/01\/glosa_I_de_Miguel.pdf\" data-type=\"URL\" data-id=\"https:\/\/lacasadeluculo.com\/uploads\/2022\/01\/glosa_I_de_Miguel.pdf\"> <\/a> <a href=\"https:\/\/lacasadeluculo.com\/wp-content\/uploads\/2025\/09\/EN-PROCESO-DE-EDICION.pdf\">glosa<\/a><a href=\"https:\/\/lacasadeluculo.com\/uploads\/2023\/01\/CAP23_01.pdf\"> <\/a><\/p>\n\n\n\n<p class=\"has-text-align-center has-accent-color has-text-color\">Marzo 2026<\/p>\n\n\n\n<p><\/p>\n\n\n\n<p class=\"has-background\" style=\"background-color:#fff7c6\"><strong>bodega :&nbsp;Alemany i Corri\u00f3 <br>invitado :<\/strong>&nbsp;Laurent Corri\u00f3<br> <a href=\"https:\/\/lacasadeluculo.com\/wp-content\/uploads\/2026\/03\/CAP26_03.pdf\">vinos y men\u00fa<\/a><a href=\"https:\/\/lacasadeluculo.com\/uploads\/2023\/01\/CAP23_01.pdf\"> <\/a> <a href=\"https:\/\/lacasadeluculo.com\/uploads\/2022\/01\/glosa_I_de_Miguel.pdf\" data-type=\"URL\" data-id=\"https:\/\/lacasadeluculo.com\/uploads\/2022\/01\/glosa_I_de_Miguel.pdf\"> <\/a>   <a href=\"https:\/\/lacasadeluculo.com\/wp-content\/uploads\/2026\/03\/GLOSA-ALEMANY-i-CORRIO.pdf\">glosa<\/a><a href=\"https:\/\/lacasadeluculo.com\/uploads\/2023\/01\/CAP23_01.pdf\"> <\/a><\/p>\n\n\n\n<p><\/p>\n\n\n\n<p><\/p>\n","protected":false},"excerpt":{"rendered":"<p>Enero 2026 bodega :&nbsp;Abeicainvitado :&nbsp;Ricardo Fern\u00e1ndez vinos y men\u00fa glosa Febrero 2026 bodega :\u00a0Grupo Perelada Chiviteinvitado :\u00a0Javier Garbayo, en\u00f3logo vinos y men\u00fa glosa Marzo 2026 bodega :&nbsp;Alemany i Corri\u00f3 invitado :&nbsp;Laurent Corri\u00f3 vinos y men\u00fa glosa<\/p>\n","protected":false},"author":1,"featured_media":0,"parent":0,"menu_order":0,"comment_status":"closed","ping_status":"closed","template":"","meta":{"footnotes":""},"class_list":["post-1308","page","type-page","status-publish","hentry"],"_links":{"self":[{"href":"https:\/\/lacasadeluculo.com\/index.php?rest_route=\/wp\/v2\/pages\/1308","targetHints":{"allow":["GET"]}}],"collection":[{"href":"https:\/\/lacasadeluculo.com\/index.php?rest_route=\/wp\/v2\/pages"}],"about":[{"href":"https:\/\/lacasadeluculo.com\/index.php?rest_route=\/wp\/v2\/types\/page"}],"author":[{"embeddable":true,"href":"https:\/\/lacasadeluculo.com\/index.php?rest_route=\/wp\/v2\/users\/1"}],"replies":[{"embeddable":true,"href":"https:\/\/lacasadeluculo.com\/index.php?rest_route=%2Fwp%2Fv2%2Fcomments&post=1308"}],"version-history":[{"count":18,"href":"https:\/\/lacasadeluculo.com\/index.php?rest_route=\/wp\/v2\/pages\/1308\/revisions"}],"predecessor-version":[{"id":1453,"href":"https:\/\/lacasadeluculo.com\/index.php?rest_route=\/wp\/v2\/pages\/1308\/revisions\/1453"}],"wp:attachment":[{"href":"https:\/\/lacasadeluculo.com\/index.php?rest_route=%2Fwp%2Fv2%2Fmedia&parent=1308"}],"curies":[{"name":"wp","href":"https:\/\/api.w.org\/{rel}","templated":true}]}}