{"id":1143,"date":"2025-05-02T12:41:13","date_gmt":"2025-05-02T10:41:13","guid":{"rendered":"https:\/\/lacasadeluculo.com\/?page_id=1143"},"modified":"2026-01-21T16:58:58","modified_gmt":"2026-01-21T15:58:58","slug":"capitulos-2025","status":"publish","type":"page","link":"https:\/\/lacasadeluculo.com\/?page_id=1143","title":{"rendered":"Cap\u00edtulos 2025"},"content":{"rendered":"\n<p class=\"has-text-align-center has-accent-color has-text-color\">Enero 2025<\/p>\n\n\n\n<p><a href=\"https:\/\/lacasadeluculo.com\/wp-admin\/edit.php?post_type=page\"><\/a><\/p>\n\n\n\n<p class=\"has-background\" style=\"background-color:#fff7c6\"><strong>bodega :&nbsp;Venta d&#8217;Aubert y C\u00e9sar Fern\u00e1ndez Viticultor<br>invitado :<\/strong>&nbsp;Cesar Fern\u00e1ndez<br>vinos y <a href=\"https:\/\/lacasadeluculo.com\/wp-content\/uploads\/2025\/05\/CAP25_01.pdf\">vinos y men\u00fa<\/a><a href=\"https:\/\/lacasadeluculo.com\/uploads\/2023\/01\/CAP23_01.pdf\"> <\/a> <a href=\"https:\/\/lacasadeluculo.com\/uploads\/2022\/01\/glosa_I_de_Miguel.pdf\" data-type=\"URL\" data-id=\"https:\/\/lacasadeluculo.com\/uploads\/2022\/01\/glosa_I_de_Miguel.pdf\"> <\/a><\/p>\n\n\n\n<p class=\"has-text-align-center has-accent-color has-text-color\">Febrero 2025<\/p>\n\n\n\n<p><a href=\"https:\/\/lacasadeluculo.com\/wp-admin\/edit.php?post_type=page\"><\/a><\/p>\n\n\n\n<p class=\"has-background\" style=\"background-color:#fff7c6\"><strong>bodega :&nbsp;Dominio de Atauta<\/strong><br><strong>invitado :<\/strong>&nbsp;Jaime Suarez<br><a href=\"https:\/\/lacasadeluculo.com\/wp-content\/uploads\/2025\/04\/CAP25_02.pdf\" data-type=\"URL\">vinos y men\u00fa<\/a><a href=\"https:\/\/lacasadeluculo.com\/uploads\/2023\/01\/CAP23_01.pdf\"> <\/a> <\/p>\n\n\n\n<p class=\"has-text-align-center has-accent-color has-text-color\">Marzo 2025<\/p>\n\n\n\n<p><a href=\"https:\/\/lacasadeluculo.com\/wp-admin\/edit.php?post_type=page\"><\/a><\/p>\n\n\n\n<p class=\"has-background\" style=\"background-color:#fff7c6\"><strong>bodega :&nbsp;<\/strong>Muro (DOC Rioja)<br><strong>invitado :<\/strong>&nbsp;&nbsp;Miguel Angel Muro<br><a href=\"https:\/\/lacasadeluculo.com\/wp-content\/uploads\/2025\/05\/CAP25_03.jpg\" data-type=\"URL\">vinos y men\u00fa<\/a><a href=\"https:\/\/lacasadeluculo.com\/uploads\/2023\/01\/CAP23_01.pdf\"> <\/a> &#8212; <a href=\"https:\/\/lacasadeluculo.com\/uploads\/2022\/01\/glosa_I_de_Miguel.pdf\" data-type=\"URL\" data-id=\"https:\/\/lacasadeluculo.com\/uploads\/2022\/01\/glosa_I_de_Miguel.pdf\"> <\/a><a href=\"https:\/\/lacasadeluculo.com\/wp-content\/uploads\/2025\/05\/Glosa-MURO-25_03-2.pdf\" data-type=\"URL\">glosa<\/a><\/p>\n\n\n\n<p class=\"has-text-align-center has-accent-color has-text-color\">Abril 2025<\/p>\n\n\n\n<p><a href=\"https:\/\/lacasadeluculo.com\/wp-admin\/edit.php?post_type=page\"><\/a><\/p>\n\n\n\n<p class=\"has-background\" style=\"background-color:#fff7c6\"><strong>bodega :&nbsp;<\/strong>Valduero (DO Ribera del Duero)Pretium<br> <strong>invitado :<\/strong>Jos\u00e9 Luis Chico<br><a href=\"https:\/\/lacasadeluculo.com\/wp-content\/uploads\/2025\/05\/CAP25_04.pdf\" data-type=\"URL\">vinos y men\u00fa<\/a><a href=\"https:\/\/lacasadeluculo.com\/uploads\/2023\/01\/CAP23_01.pdf\"> <\/a> &#8212; <a href=\"https:\/\/lacasadeluculo.com\/uploads\/2022\/01\/glosa_I_de_Miguel.pdf\" data-type=\"URL\" data-id=\"https:\/\/lacasadeluculo.com\/uploads\/2022\/01\/glosa_I_de_Miguel.pdf\"> <\/a><a href=\"https:\/\/lacasadeluculo.com\/wp-content\/uploads\/2025\/05\/Glosa-VAlduro-2025_04.pdf\" data-type=\"URL\">glosa<\/a><\/p>\n\n\n\n<p class=\"has-text-align-center has-accent-color has-text-color\">Mayo 2025<\/p>\n\n\n\n<p><a href=\"https:\/\/lacasadeluculo.com\/wp-admin\/edit.php?post_type=page\"><\/a><\/p>\n\n\n\n<p class=\"has-background\" style=\"background-color:#fff7c6\"><strong>bodega :&nbsp;<\/strong>BOSQUE DE MATASNOS <br><strong>invitado :<\/strong>&nbsp;Jaime Postigo <br><a href=\"https:\/\/lacasadeluculo.com\/wp-content\/uploads\/2025\/08\/CAP25_07.pdf\" data-type=\"URL\">vinos y men\u00fa<\/a><a href=\"https:\/\/lacasadeluculo.com\/uploads\/2023\/01\/CAP23_01.pdf\"> <\/a> &#8212; <a href=\"https:\/\/lacasadeluculo.com\/uploads\/2022\/01\/glosa_I_de_Miguel.pdf\" data-type=\"URL\" data-id=\"https:\/\/lacasadeluculo.com\/uploads\/2022\/01\/glosa_I_de_Miguel.pdf\"> <\/a><a href=\"https:\/\/lacasadeluculo.com\/wp-content\/uploads\/2025\/05\/Glosa-MATASNOS-2025_05.pdf\" data-type=\"URL\">glosa<\/a><\/p>\n\n\n\n<p class=\"has-text-align-center has-accent-color has-text-color\">JUNIO 2025<\/p>\n\n\n\n<p><a href=\"https:\/\/lacasadeluculo.com\/wp-admin\/edit.php?post_type=page\"><\/a><\/p>\n\n\n\n<p class=\"has-background\" style=\"background-color:#fff7c6\"><strong>bodega :&nbsp;<\/strong>BODEGAS NOC <br><strong>invitados :<\/strong>&nbsp;Ignacio de Miguel y Ra\u00fal Villafranca <br><a href=\"https:\/\/lacasadeluculo.com\/wp-content\/uploads\/2025\/08\/CAP25_06.pdf\">vinos y men\u00fa<\/a><a href=\"https:\/\/lacasadeluculo.com\/uploads\/2023\/01\/CAP23_01.pdf\"> <\/a>&#8211; <a href=\"https:\/\/lacasadeluculo.com\/wp-content\/uploads\/2025\/08\/Glosa_NOC.pdf\">glosa<\/a><\/p>\n\n\n\n<p class=\"has-text-align-center has-accent-color has-text-color\">JULIO 2025<\/p>\n\n\n\n<p><a href=\"https:\/\/lacasadeluculo.com\/wp-admin\/edit.php?post_type=page\"><\/a><\/p>\n\n\n\n<p class=\"has-background\" style=\"background-color:#fff7c6\"><strong>bodega :&nbsp;<\/strong>BODEGAS CELLERS DE DOMENYS <br><strong>invitados :<\/strong>&nbsp;Ignasi Redon y Pau Mur<br><a href=\"https:\/\/lacasadeluculo.com\/wp-content\/uploads\/2025\/08\/CAP25_07.pdf\">vinos y men\u00fa<\/a><a href=\"https:\/\/lacasadeluculo.com\/uploads\/2023\/01\/CAP23_01.pdf\"> <\/a> &#8212; <a href=\"https:\/\/lacasadeluculo.com\/uploads\/2022\/01\/glosa_I_de_Miguel.pdf\" data-type=\"URL\" data-id=\"https:\/\/lacasadeluculo.com\/uploads\/2022\/01\/glosa_I_de_Miguel.pdf\"> <\/a><a href=\"https:\/\/lacasadeluculo.com\/wp-content\/uploads\/2025\/08\/GLOSA_CELLER-DOMENYS.pdf\" data-type=\"URL\">glosa<\/a><\/p>\n\n\n\n<p class=\"has-text-align-center has-accent-color has-text-color\">SEPTIEMBRE 2025<\/p>\n\n\n\n<p><a href=\"https:\/\/lacasadeluculo.com\/wp-admin\/edit.php?post_type=page\"><\/a><\/p>\n\n\n\n<p class=\"has-background\" style=\"background-color:#fff7c6\"><strong>bodega :&nbsp;<\/strong>BODEGAS DE SAN MARIN DE UNX <br><strong>invitados :<\/strong>&nbsp;<br><a href=\"https:\/\/lacasadeluculo.com\/wp-content\/uploads\/2025\/09\/CAP25_09.pdf\">vinos y men\u00fa<\/a><a href=\"https:\/\/lacasadeluculo.com\/uploads\/2023\/01\/CAP23_01.pdf\"> <\/a> &#8212; <a href=\"https:\/\/lacasadeluculo.com\/uploads\/2022\/01\/glosa_I_de_Miguel.pdf\" data-type=\"URL\" data-id=\"https:\/\/lacasadeluculo.com\/uploads\/2022\/01\/glosa_I_de_Miguel.pdf\"> <\/a><a href=\"https:\/\/lacasadeluculo.com\/wp-content\/uploads\/2025\/09\/EN-PROCESO-DE-EDICION.pdf\" data-type=\"URL\">glosa<\/a><\/p>\n\n\n\n<p class=\"has-text-align-center has-accent-color has-text-color\">OCTUBRE 2025<\/p>\n\n\n\n<p><a href=\"https:\/\/lacasadeluculo.com\/wp-admin\/edit.php?post_type=page\"><\/a><\/p>\n\n\n\n<p class=\"has-background\" style=\"background-color:#fff7c6\"><strong>Cap\u00edtulo sin bodega ni invitados \u00abLa gran Bouffe\u00bb<\/strong> <br><br><a href=\"https:\/\/lacasadeluculo.com\/wp-content\/uploads\/2026\/01\/CAP25_10_GB.pdf\">vinos y men\u00fa  <\/a>&#8212; <a href=\"https:\/\/lacasadeluculo.com\/uploads\/2022\/01\/glosa_I_de_Miguel.pdf\" data-type=\"URL\" data-id=\"https:\/\/lacasadeluculo.com\/uploads\/2022\/01\/glosa_I_de_Miguel.pdf\"> <\/a><\/p>\n\n\n\n<p class=\"has-text-align-center has-accent-color has-text-color\">NOVIEMBRE 2025<\/p>\n\n\n\n<p><a href=\"https:\/\/lacasadeluculo.com\/wp-admin\/edit.php?post_type=page\"><\/a><\/p>\n\n\n\n<p class=\"has-background\" style=\"background-color:#fff7c6\"><strong>bodega :\u00a0<\/strong>LUNA BEBERIDE <br><strong>invitados :<\/strong>\u00a0Alejandro Luna Beberide<br><a href=\"https:\/\/lacasadeluculo.com\/wp-content\/uploads\/2026\/01\/cap25_11.jpeg\">vinos y men\u00fa<\/a><a href=\"https:\/\/lacasadeluculo.com\/wp-content\/uploads\/2025\/09\/EN-PROCESO-DE-EDICION.pdf\"> <\/a> &#8212; <a href=\"https:\/\/lacasadeluculo.com\/wp-content\/uploads\/2026\/01\/GLOSA_LUNA_BEBERIDE.pdf\"> glosa<\/a><\/p>\n\n\n\n<p class=\"has-text-align-center has-accent-color has-text-color\">DICIEMBRE 2025<\/p>\n\n\n\n<p><a href=\"https:\/\/lacasadeluculo.com\/wp-admin\/edit.php?post_type=page\"><\/a><\/p>\n\n\n\n<p class=\"has-background\" style=\"background-color:#fff7c6\"><strong>bodega :&nbsp;<\/strong>BODEGAS MAURO <br><strong>invitados :<\/strong>&nbsp;Mariano Garcia Fernandez y <strong>V\u00edctor<\/strong>&nbsp;Fern\u00e1ndez Carravilla&nbsp;<br><a href=\"https:\/\/lacasadeluculo.com\/wp-content\/uploads\/2026\/01\/CAP25_12.pdf\">vinos y men\u00fa<\/a><a href=\"https:\/\/lacasadeluculo.com\/uploads\/2023\/01\/CAP23_01.pdf\"> <\/a> &#8212; <a href=\"https:\/\/lacasadeluculo.com\/uploads\/2022\/01\/glosa_I_de_Miguel.pdf\" data-type=\"URL\" data-id=\"https:\/\/lacasadeluculo.com\/uploads\/2022\/01\/glosa_I_de_Miguel.pdf\"> <\/a><a href=\"https:\/\/lacasadeluculo.com\/wp-content\/uploads\/2025\/09\/EN-PROCESO-DE-EDICION.pdf\" data-type=\"URL\">glosa<\/a><\/p>\n\n\n\n<p>MEMORIA 2025<\/p>\n\n\n\n<p><\/p>\n","protected":false},"excerpt":{"rendered":"<p>Enero 2025 bodega :&nbsp;Venta d&#8217;Aubert y C\u00e9sar Fern\u00e1ndez Viticultorinvitado :&nbsp;Cesar Fern\u00e1ndezvinos y vinos y men\u00fa Febrero 2025 bodega :&nbsp;Dominio de Atautainvitado :&nbsp;Jaime Suarezvinos y men\u00fa Marzo 2025 bodega :&nbsp;Muro (DOC Rioja)invitado :&nbsp;&nbsp;Miguel Angel Murovinos y men\u00fa &#8212; glosa Abril 2025 bodega :&nbsp;Valduero (DO Ribera del Duero)Pretium invitado :Jos\u00e9 Luis Chicovinos y men\u00fa &#8212; glosa Mayo [&hellip;]<\/p>\n","protected":false},"author":1,"featured_media":0,"parent":0,"menu_order":0,"comment_status":"closed","ping_status":"closed","template":"","meta":{"footnotes":""},"class_list":["post-1143","page","type-page","status-publish","hentry"],"_links":{"self":[{"href":"https:\/\/lacasadeluculo.com\/index.php?rest_route=\/wp\/v2\/pages\/1143","targetHints":{"allow":["GET"]}}],"collection":[{"href":"https:\/\/lacasadeluculo.com\/index.php?rest_route=\/wp\/v2\/pages"}],"about":[{"href":"https:\/\/lacasadeluculo.com\/index.php?rest_route=\/wp\/v2\/types\/page"}],"author":[{"embeddable":true,"href":"https:\/\/lacasadeluculo.com\/index.php?rest_route=\/wp\/v2\/users\/1"}],"replies":[{"embeddable":true,"href":"https:\/\/lacasadeluculo.com\/index.php?rest_route=%2Fwp%2Fv2%2Fcomments&post=1143"}],"version-history":[{"count":37,"href":"https:\/\/lacasadeluculo.com\/index.php?rest_route=\/wp\/v2\/pages\/1143\/revisions"}],"predecessor-version":[{"id":1307,"href":"https:\/\/lacasadeluculo.com\/index.php?rest_route=\/wp\/v2\/pages\/1143\/revisions\/1307"}],"wp:attachment":[{"href":"https:\/\/lacasadeluculo.com\/index.php?rest_route=%2Fwp%2Fv2%2Fmedia&parent=1143"}],"curies":[{"name":"wp","href":"https:\/\/api.w.org\/{rel}","templated":true}]}}